{"id":1441,"date":"2020-11-17T16:51:00","date_gmt":"2020-11-17T15:51:00","guid":{"rendered":"http:\/\/equalhealth4all.noblogs.org\/?page_id=1441"},"modified":"2020-11-17T16:51:00","modified_gmt":"2020-11-17T15:51:00","slug":"mediburo-medinetz-mainz-e-v-ger","status":"publish","type":"page","link":"https:\/\/equalhealth4all.noblogs.org\/de\/mediburo-medinetz-mainz-e-v-ger\/","title":{"rendered":"MediB\u00fcro\/Medinetz Mainz e.V. (GER)"},"content":{"rendered":"<p align=\"justify\"><span style=\"font-family: Arial, sans-serif\">Medib\u00fcro Berlin und Medinetz Mainz sind selbstorganisierte Nichtregierungsprojekte in Berlin und Mainz. Als Antirassismus-Initiativen verfolgen beide das Ziel, die medizinische Versorgung von Gefl\u00fcchteten und Migrantinnen und Migranten zu verbessern, denen aufgrund der Gesetzgebung in Deutschland der Zugang zu medizinischer Hilfe teilweise oder ganz verwehrt wird. So verweisen sie Patient*innen an \u00c4rzt*innen und Spezialist*innen, die anonym und kostenlos oder zu erm\u00e4\u00dfigten Tarifen eine qualifizierte Behandlung anbieten.<\/span><\/p>\n<p align=\"justify\">Homepage <a href=\"https:\/\/medibuero.de\/\" target=\"_blank\" rel=\"noopener noreferrer\">MediB\u00fcro Berlin<\/a><\/p>\n<p align=\"justify\">Homepage <a href=\"http:\/\/www.medinetzmainz.de\/\" target=\"_blank\" rel=\"noopener noreferrer\">Medinetz Mainz e.V.<\/a><\/p>\n","protected":false},"excerpt":{"rendered":"<p>Medib\u00fcro Berlin und Medinetz Mainz sind selbstorganisierte Nichtregierungsprojekte in Berlin und Mainz. Als Antirassismus-Initiativen verfolgen beide das Ziel, die medizinische Versorgung von Gefl\u00fcchteten und Migrantinnen und Migranten zu verbessern, denen aufgrund der Gesetzgebung in Deutschland der Zugang zu medizinischer Hilfe &hellip; <a href=\"https:\/\/equalhealth4all.noblogs.org\/de\/mediburo-medinetz-mainz-e-v-ger\/\">Weiterlesen <span class=\"meta-nav\">&rarr;<\/span><\/a><\/p>\n","protected":false},"author":15197,"featured_media":0,"parent":0,"menu_order":0,"comment_status":"closed","ping_status":"closed","template":"","meta":{"_locale":"de_DE","_original_post":"http:\/\/equalhealth4all.noblogs.org\/?page_id=1441","footnotes":""},"class_list":["post-1441","page","type-page","status-publish","hentry","de-DE"],"_links":{"self":[{"href":"https:\/\/equalhealth4all.noblogs.org\/wp-json\/wp\/v2\/pages\/1441","targetHints":{"allow":["GET"]}}],"collection":[{"href":"https:\/\/equalhealth4all.noblogs.org\/wp-json\/wp\/v2\/pages"}],"about":[{"href":"https:\/\/equalhealth4all.noblogs.org\/wp-json\/wp\/v2\/types\/page"}],"author":[{"embeddable":true,"href":"https:\/\/equalhealth4all.noblogs.org\/wp-json\/wp\/v2\/users\/15197"}],"replies":[{"embeddable":true,"href":"https:\/\/equalhealth4all.noblogs.org\/wp-json\/wp\/v2\/comments?post=1441"}],"version-history":[{"count":4,"href":"https:\/\/equalhealth4all.noblogs.org\/wp-json\/wp\/v2\/pages\/1441\/revisions"}],"predecessor-version":[{"id":1975,"href":"https:\/\/equalhealth4all.noblogs.org\/wp-json\/wp\/v2\/pages\/1441\/revisions\/1975"}],"wp:attachment":[{"href":"https:\/\/equalhealth4all.noblogs.org\/wp-json\/wp\/v2\/media?parent=1441"}],"curies":[{"name":"wp","href":"https:\/\/api.w.org\/{rel}","templated":true}]}}