{"id":1444,"date":"2020-11-17T16:55:29","date_gmt":"2020-11-17T15:55:29","guid":{"rendered":"http:\/\/equalhealth4all.noblogs.org\/?page_id=1444"},"modified":"2020-11-17T16:55:29","modified_gmt":"2020-11-17T15:55:29","slug":"lesmigras-ger","status":"publish","type":"page","link":"https:\/\/equalhealth4all.noblogs.org\/de\/lesmigras-ger\/","title":{"rendered":"LesMigraS (GER)"},"content":{"rendered":"<p><span style=\"font-family: Liberation Serif, serif\"><span style=\"font-size: medium\"><span lang=\"en-GB\">LesMigras<\/span><\/span><\/span><span style=\"font-family: Liberation Serif, serif\"><span style=\"font-size: medium\"><span lang=\"en-GB\">\/ <\/span><\/span><\/span><span style=\"font-family: Liberation Serif, serif\"><span style=\"font-size: medium\">Antigewalt- und Antidiskriminierungs-Bereich der Lesbenberatung Berlin e.V.\u00a0<\/span><\/span><\/p>\n<p align=\"justify\"><span style=\"font-family: Arial, sans-serif\">Wir setzen uns in unserer Arbeit f\u00fcr eine Gesellschaft ein, in der alle Aspekte des Lebens und der Pers\u00f6nlichkeit von lesbischen, bisexuellen Frauen und Trans*Menschen akzeptiert und wertgesch\u00e4tzt werden. Dazu geh\u00f6rt eben nicht nur die sexuelle Orientierung, sondern auch die Zugeh\u00f6rigkeit zu verschiedenen gesellschaftlichen, sozialen, religi\u00f6sen und kulturellen Gruppen. Daraus ergeben sich sehr unterschiedliche Erfahrungen von Gewalt und Diskriminierungen. Wir arbeiten in einem interkulturellen Team, so dass wir den vielf\u00e4ltigen Bed\u00fcrfnissen und Interessen aus unterschiedlichen Perspektiven begegnen k\u00f6nnen.<\/span><\/p>\n<p lang=\"en-GB\" align=\"justify\">Homepage <a href=\"https:\/\/lesmigras.de\/lesmigras-home.html\" target=\"_blank\" rel=\"noopener noreferrer\">LesMigraS<\/a><\/p>\n","protected":false},"excerpt":{"rendered":"<p>LesMigras\/ Antigewalt- und Antidiskriminierungs-Bereich der Lesbenberatung Berlin e.V.\u00a0 Wir setzen uns in unserer Arbeit f\u00fcr eine Gesellschaft ein, in der alle Aspekte des Lebens und der Pers\u00f6nlichkeit von lesbischen, bisexuellen Frauen und Trans*Menschen akzeptiert und wertgesch\u00e4tzt werden. Dazu geh\u00f6rt eben &hellip; <a href=\"https:\/\/equalhealth4all.noblogs.org\/de\/lesmigras-ger\/\">Weiterlesen <span class=\"meta-nav\">&rarr;<\/span><\/a><\/p>\n","protected":false},"author":15197,"featured_media":0,"parent":0,"menu_order":0,"comment_status":"closed","ping_status":"closed","template":"","meta":{"_locale":"de_DE","_original_post":"http:\/\/equalhealth4all.noblogs.org\/?page_id=1444","footnotes":""},"class_list":["post-1444","page","type-page","status-publish","hentry","de-DE"],"_links":{"self":[{"href":"https:\/\/equalhealth4all.noblogs.org\/wp-json\/wp\/v2\/pages\/1444","targetHints":{"allow":["GET"]}}],"collection":[{"href":"https:\/\/equalhealth4all.noblogs.org\/wp-json\/wp\/v2\/pages"}],"about":[{"href":"https:\/\/equalhealth4all.noblogs.org\/wp-json\/wp\/v2\/types\/page"}],"author":[{"embeddable":true,"href":"https:\/\/equalhealth4all.noblogs.org\/wp-json\/wp\/v2\/users\/15197"}],"replies":[{"embeddable":true,"href":"https:\/\/equalhealth4all.noblogs.org\/wp-json\/wp\/v2\/comments?post=1444"}],"version-history":[{"count":4,"href":"https:\/\/equalhealth4all.noblogs.org\/wp-json\/wp\/v2\/pages\/1444\/revisions"}],"predecessor-version":[{"id":1977,"href":"https:\/\/equalhealth4all.noblogs.org\/wp-json\/wp\/v2\/pages\/1444\/revisions\/1977"}],"wp:attachment":[{"href":"https:\/\/equalhealth4all.noblogs.org\/wp-json\/wp\/v2\/media?parent=1444"}],"curies":[{"name":"wp","href":"https:\/\/api.w.org\/{rel}","templated":true}]}}