{"id":1449,"date":"2020-11-17T16:19:31","date_gmt":"2020-11-17T15:19:31","guid":{"rendered":"http:\/\/equalhealth4all.noblogs.org\/?page_id=1449"},"modified":"2020-11-23T10:15:32","modified_gmt":"2020-11-23T09:15:32","slug":"united-action-e-v-ger","status":"publish","type":"page","link":"https:\/\/equalhealth4all.noblogs.org\/de\/united-action-e-v-ger\/","title":{"rendered":"United Action e.V. (GER)"},"content":{"rendered":"<p align=\"justify\"><span style=\"font-family: Arial, sans-serif\">United Action e.V. geht auf die Initiative der Aktivistin Fatuma Musa Afrahzur\u00fcck, die sich, aufgrund ihrer eigenen Flucht- und Ankunftserfahrung, seit Jahren f\u00fcr das Empowerment von neuankommenden Frauen und M\u00e4dchen in Berlin sowie in Brandenburg einsetzt. Der Verein zielt zudem die F\u00f6rderung von Austausch und Toleranz innerhalb interkultureller Kontexte.<\/span><\/p>\n<p align=\"justify\"><span style=\"font-family: Arial, sans-serif\">United Action e.V. bietet Migrationsberatung und organisiert Tanz- sowie Musikworkshops f\u00fcr M\u00e4dchen, Begegnungsr\u00e4ume f\u00fcr Frauen und Schwimmkurse. Im Jahr 2019 haben wir erfolgreich zwei Konferenzen mit Neuankommenden und Fachkr\u00e4fte verschiedener Institutionen durchgef\u00fchrt, die zum Ziel den Austausch und die Vernetzung hatte.<\/span><\/p>\n<p lang=\"en-GB\" align=\"justify\">Homepage <a href=\"https:\/\/www.united-action.de\/\" target=\"_blank\" rel=\"noopener noreferrer\">United Action e.V.<\/a><\/p>\n","protected":false},"excerpt":{"rendered":"<p>United Action e.V. geht auf die Initiative der Aktivistin Fatuma Musa Afrahzur\u00fcck, die sich, aufgrund ihrer eigenen Flucht- und Ankunftserfahrung, seit Jahren f\u00fcr das Empowerment von neuankommenden Frauen und M\u00e4dchen in Berlin sowie in Brandenburg einsetzt. Der Verein zielt zudem &hellip; <a href=\"https:\/\/equalhealth4all.noblogs.org\/de\/united-action-e-v-ger\/\">Weiterlesen <span class=\"meta-nav\">&rarr;<\/span><\/a><\/p>\n","protected":false},"author":15197,"featured_media":0,"parent":0,"menu_order":0,"comment_status":"closed","ping_status":"closed","template":"","meta":{"_locale":"de_DE","_original_post":"http:\/\/equalhealth4all.noblogs.org\/?page_id=1449","footnotes":""},"class_list":["post-1449","page","type-page","status-publish","hentry","de-DE"],"_links":{"self":[{"href":"https:\/\/equalhealth4all.noblogs.org\/wp-json\/wp\/v2\/pages\/1449","targetHints":{"allow":["GET"]}}],"collection":[{"href":"https:\/\/equalhealth4all.noblogs.org\/wp-json\/wp\/v2\/pages"}],"about":[{"href":"https:\/\/equalhealth4all.noblogs.org\/wp-json\/wp\/v2\/types\/page"}],"author":[{"embeddable":true,"href":"https:\/\/equalhealth4all.noblogs.org\/wp-json\/wp\/v2\/users\/15197"}],"replies":[{"embeddable":true,"href":"https:\/\/equalhealth4all.noblogs.org\/wp-json\/wp\/v2\/comments?post=1449"}],"version-history":[{"count":3,"href":"https:\/\/equalhealth4all.noblogs.org\/wp-json\/wp\/v2\/pages\/1449\/revisions"}],"predecessor-version":[{"id":1963,"href":"https:\/\/equalhealth4all.noblogs.org\/wp-json\/wp\/v2\/pages\/1449\/revisions\/1963"}],"wp:attachment":[{"href":"https:\/\/equalhealth4all.noblogs.org\/wp-json\/wp\/v2\/media?parent=1449"}],"curies":[{"name":"wp","href":"https:\/\/api.w.org\/{rel}","templated":true}]}}