{"id":1450,"date":"2020-11-17T17:23:27","date_gmt":"2020-11-17T16:23:27","guid":{"rendered":"http:\/\/equalhealth4all.noblogs.org\/?page_id=1450"},"modified":"2020-11-17T17:23:27","modified_gmt":"2020-11-17T16:23:27","slug":"corasol-ger","status":"publish","type":"page","link":"https:\/\/equalhealth4all.noblogs.org\/de\/corasol-ger\/","title":{"rendered":"Corasol (GER)"},"content":{"rendered":"<p lang=\"en-GB\" align=\"justify\"><span style=\"font-size: large\"><span style=\"font-family: Carlito, sans-serif\"><span style=\"font-size: medium\">C<\/span><\/span><span style=\"font-family: Liberation Serif, serif\"><span style=\"font-size: medium\">oras<\/span><\/span><span style=\"font-family: Carlito, sans-serif\"><span style=\"font-size: medium\">ol <\/span><\/span><span style=\"font-family: Carlito, sans-serif\"><span style=\"font-size: medium\">ist eine Gruppe von Menschen mit und ohne Aufenthaltsstatus, mit und ohne Flucht-\/ Migrationserfahrung, die durch strukturell-politische Arbeit und gegenseitige Unterst\u00fctzung versuchen, gegen Rassismen und <\/span><\/span><em><span style=\"font-family: Carlito, sans-serif\"><span style=\"font-size: medium\">wei\u00dfe<\/span><\/span><\/em><span style=\"font-family: Carlito, sans-serif\"><span style=\"font-size: medium\"> Dominanz in der Gesellschaft anzuk\u00e4mpfen. Konkret organisierten wir den Antira-Einkauf in Hennigsdorf, die monatliche Friedel-Vok\u00fc mit Informationsveranstaltungen zu Antira-Themen und machen kleine \u00f6ffentliche Aktionen. Au\u00dferdem kooperieren wir mit unterschiedlichen antirassistischen Gruppen in Berlin und Brandenburg. <\/span><\/span><\/span><\/p>\n<p lang=\"en-GB\" align=\"justify\">Homepage <a href=\"http:\/\/corasol.blogsport.de\/\" target=\"_blank\" rel=\"noopener noreferrer\">Corasol<\/a><\/p>\n","protected":false},"excerpt":{"rendered":"<p>Corasol ist eine Gruppe von Menschen mit und ohne Aufenthaltsstatus, mit und ohne Flucht-\/ Migrationserfahrung, die durch strukturell-politische Arbeit und gegenseitige Unterst\u00fctzung versuchen, gegen Rassismen und wei\u00dfe Dominanz in der Gesellschaft anzuk\u00e4mpfen. Konkret organisierten wir den Antira-Einkauf in Hennigsdorf, die &hellip; <a href=\"https:\/\/equalhealth4all.noblogs.org\/de\/corasol-ger\/\">Weiterlesen <span class=\"meta-nav\">&rarr;<\/span><\/a><\/p>\n","protected":false},"author":15197,"featured_media":0,"parent":0,"menu_order":0,"comment_status":"closed","ping_status":"closed","template":"","meta":{"_locale":"de_DE","_original_post":"http:\/\/equalhealth4all.noblogs.org\/?page_id=1450","footnotes":""},"class_list":["post-1450","page","type-page","status-publish","hentry","de-DE"],"_links":{"self":[{"href":"https:\/\/equalhealth4all.noblogs.org\/wp-json\/wp\/v2\/pages\/1450","targetHints":{"allow":["GET"]}}],"collection":[{"href":"https:\/\/equalhealth4all.noblogs.org\/wp-json\/wp\/v2\/pages"}],"about":[{"href":"https:\/\/equalhealth4all.noblogs.org\/wp-json\/wp\/v2\/types\/page"}],"author":[{"embeddable":true,"href":"https:\/\/equalhealth4all.noblogs.org\/wp-json\/wp\/v2\/users\/15197"}],"replies":[{"embeddable":true,"href":"https:\/\/equalhealth4all.noblogs.org\/wp-json\/wp\/v2\/comments?post=1450"}],"version-history":[{"count":3,"href":"https:\/\/equalhealth4all.noblogs.org\/wp-json\/wp\/v2\/pages\/1450\/revisions"}],"predecessor-version":[{"id":1987,"href":"https:\/\/equalhealth4all.noblogs.org\/wp-json\/wp\/v2\/pages\/1450\/revisions\/1987"}],"wp:attachment":[{"href":"https:\/\/equalhealth4all.noblogs.org\/wp-json\/wp\/v2\/media?parent=1450"}],"curies":[{"name":"wp","href":"https:\/\/api.w.org\/{rel}","templated":true}]}}