{"id":1511,"date":"2020-11-17T16:53:45","date_gmt":"2020-11-17T15:53:45","guid":{"rendered":"http:\/\/equalhealth4all.noblogs.org\/?page_id=1511"},"modified":"2020-11-17T16:53:45","modified_gmt":"2020-11-17T15:53:45","slug":"love146-uk","status":"publish","type":"page","link":"https:\/\/equalhealth4all.noblogs.org\/de\/love146-uk\/","title":{"rendered":"Love146 (UK)"},"content":{"rendered":"<p align=\"justify\"><span style=\"font-family: Arial, sans-serif\">Love146 ist eine internationale Menschenrechtsorganisation, die sich f\u00fcr die Beendigung von Kinderhandel und Ausbeutung durch \u00dcberlebendenbetreuung und Pr\u00e4vention einsetzt. Der Handel mit und die Ausbeutung von Kindern ist eine der dunkelsten Geschichten und schwersten Menschenrechtsverletzungen, die man sich vorstellen kann. Aber f\u00fcr uns ist die Hoffnung, sie zu beenden, Realit\u00e4t.<\/span><\/p>\n<p align=\"justify\"><span style=\"font-family: Arial, sans-serif\">Love146 tr\u00e4gt dazu bei, die Bewegung zur Beendigung des Kinderhandels wachsen zu lassen und gleichzeitig wirksame, durchdachte L\u00f6sungen anzubieten. Wir glauben an die Kraft der Liebe und ihre F\u00e4higkeit, nachhaltige Ver\u00e4nderungen herbeizuf\u00fchren. Liebe ist die Grundlage unserer Motivation.<\/span><\/p>\n<p align=\"justify\">Homepage <a href=\"https:\/\/www.love146.org.uk\" target=\"_blank\" rel=\"noopener noreferrer\">Love146 UK<\/a><\/p>\n<p align=\"justify\">\n","protected":false},"excerpt":{"rendered":"<p>Love146 ist eine internationale Menschenrechtsorganisation, die sich f\u00fcr die Beendigung von Kinderhandel und Ausbeutung durch \u00dcberlebendenbetreuung und Pr\u00e4vention einsetzt. Der Handel mit und die Ausbeutung von Kindern ist eine der dunkelsten Geschichten und schwersten Menschenrechtsverletzungen, die man sich vorstellen kann. &hellip; <a href=\"https:\/\/equalhealth4all.noblogs.org\/de\/love146-uk\/\">Weiterlesen <span class=\"meta-nav\">&rarr;<\/span><\/a><\/p>\n","protected":false},"author":15197,"featured_media":0,"parent":0,"menu_order":0,"comment_status":"closed","ping_status":"closed","template":"","meta":{"_locale":"de_DE","_original_post":"http:\/\/equalhealth4all.noblogs.org\/?page_id=1511","footnotes":""},"class_list":["post-1511","page","type-page","status-publish","hentry","de-DE"],"_links":{"self":[{"href":"https:\/\/equalhealth4all.noblogs.org\/wp-json\/wp\/v2\/pages\/1511","targetHints":{"allow":["GET"]}}],"collection":[{"href":"https:\/\/equalhealth4all.noblogs.org\/wp-json\/wp\/v2\/pages"}],"about":[{"href":"https:\/\/equalhealth4all.noblogs.org\/wp-json\/wp\/v2\/types\/page"}],"author":[{"embeddable":true,"href":"https:\/\/equalhealth4all.noblogs.org\/wp-json\/wp\/v2\/users\/15197"}],"replies":[{"embeddable":true,"href":"https:\/\/equalhealth4all.noblogs.org\/wp-json\/wp\/v2\/comments?post=1511"}],"version-history":[{"count":3,"href":"https:\/\/equalhealth4all.noblogs.org\/wp-json\/wp\/v2\/pages\/1511\/revisions"}],"predecessor-version":[{"id":1976,"href":"https:\/\/equalhealth4all.noblogs.org\/wp-json\/wp\/v2\/pages\/1511\/revisions\/1976"}],"wp:attachment":[{"href":"https:\/\/equalhealth4all.noblogs.org\/wp-json\/wp\/v2\/media?parent=1511"}],"curies":[{"name":"wp","href":"https:\/\/api.w.org\/{rel}","templated":true}]}}