{"id":1513,"date":"2020-11-17T16:46:43","date_gmt":"2020-11-17T15:46:43","guid":{"rendered":"http:\/\/equalhealth4all.noblogs.org\/?page_id=1513"},"modified":"2020-11-17T16:46:43","modified_gmt":"2020-11-17T15:46:43","slug":"melissa-network-of-migrant-women-in-greece-gr","status":"publish","type":"page","link":"https:\/\/equalhealth4all.noblogs.org\/de\/melissa-network-of-migrant-women-in-greece-gr\/","title":{"rendered":"MELISSA \u2013 Network of Migrant Women in Greece  (GR)"},"content":{"rendered":"<p align=\"justify\"><span style=\"font-family: Arial, sans-serif\">MELISSA ist ein Netzwerk von Migrantinnen und gefl\u00fcchteten Frauen, die in Griechenland leben. Unser Ziel ist es, Empowerment und aktives B\u00fcrgertum zu f\u00f6rdern und eine Br\u00fccke der Kommunikation mit der Aufnahmegesellschaft zu bauen. MELISSA wurde 2014 unter direkter Beteiligung von f\u00fchrenden Migrantinnen und gefl\u00fcchteten Frauen gegr\u00fcndet und hat Mitglieder aus mehr als 50 L\u00e4ndern.<\/span><\/p>\n<p align=\"justify\"><span style=\"font-family: Arial, sans-serif\">MELISSA ist inspiriert von dem griechischen Wort f\u00fcr Honig und wir verstehen uns als Bienenstock. Wir arbeiten auf der Grundlage einer gemeinsamen Plattform, einer Drehscheibe, auf der sich Netzwerke und Einzelpersonen treffen, ihre Anliegen und Ideen austauschen und sich gegenseitig bei der Verfolgung gemeinsamer Ziele und ihrer Menschenrechte unterst\u00fctzen k\u00f6nnen.<\/span><\/p>\n<p align=\"justify\"><span style=\"font-family: Arial, sans-serif\">Die drei Hauptaktionsbereiche sind Vernetzung, Kapazit\u00e4tsaufbau und Anwaltschaft. Unser Ziel ist es, Migrantinnen und gefl\u00fcchtete Frauen zusammenzubringen und ihren Stimmen in der Gesellschaft Geh\u00f6r zu verschaffen.<\/span><\/p>\n<p align=\"justify\"><span style=\"font-family: Arial, sans-serif\">Alle unsere Aktivit\u00e4ten sind darauf ausgerichtet, Kommunikationskan\u00e4le zu \u00f6ffnen und die Vernetzung und Integration zu f\u00f6rdern. Unser Empowerment wird nicht nur unsere eigenen Umst\u00e4nde und die Bedingungen unserer Kinder und unserer weiteren ethnischen Gemeinschaften verbessern, sondern auch zum allgemeinen sozialen Zusammenhalt beitragen.<\/span><\/p>\n<p align=\"justify\">Homepage <a href=\"https:\/\/melissanetwork.org\/\" target=\"_blank\" rel=\"noopener noreferrer\">MELISSA<\/a><\/p>\n","protected":false},"excerpt":{"rendered":"<p>MELISSA ist ein Netzwerk von Migrantinnen und gefl\u00fcchteten Frauen, die in Griechenland leben. Unser Ziel ist es, Empowerment und aktives B\u00fcrgertum zu f\u00f6rdern und eine Br\u00fccke der Kommunikation mit der Aufnahmegesellschaft zu bauen. MELISSA wurde 2014 unter direkter Beteiligung von &hellip; <a href=\"https:\/\/equalhealth4all.noblogs.org\/de\/melissa-network-of-migrant-women-in-greece-gr\/\">Weiterlesen <span class=\"meta-nav\">&rarr;<\/span><\/a><\/p>\n","protected":false},"author":15197,"featured_media":0,"parent":0,"menu_order":0,"comment_status":"closed","ping_status":"closed","template":"","meta":{"_locale":"de_DE","_original_post":"http:\/\/equalhealth4all.noblogs.org\/?page_id=1513","footnotes":""},"class_list":["post-1513","page","type-page","status-publish","hentry","de-DE"],"_links":{"self":[{"href":"https:\/\/equalhealth4all.noblogs.org\/wp-json\/wp\/v2\/pages\/1513","targetHints":{"allow":["GET"]}}],"collection":[{"href":"https:\/\/equalhealth4all.noblogs.org\/wp-json\/wp\/v2\/pages"}],"about":[{"href":"https:\/\/equalhealth4all.noblogs.org\/wp-json\/wp\/v2\/types\/page"}],"author":[{"embeddable":true,"href":"https:\/\/equalhealth4all.noblogs.org\/wp-json\/wp\/v2\/users\/15197"}],"replies":[{"embeddable":true,"href":"https:\/\/equalhealth4all.noblogs.org\/wp-json\/wp\/v2\/comments?post=1513"}],"version-history":[{"count":5,"href":"https:\/\/equalhealth4all.noblogs.org\/wp-json\/wp\/v2\/pages\/1513\/revisions"}],"predecessor-version":[{"id":1971,"href":"https:\/\/equalhealth4all.noblogs.org\/wp-json\/wp\/v2\/pages\/1513\/revisions\/1971"}],"wp:attachment":[{"href":"https:\/\/equalhealth4all.noblogs.org\/wp-json\/wp\/v2\/media?parent=1513"}],"curies":[{"name":"wp","href":"https:\/\/api.w.org\/{rel}","templated":true}]}}