{"id":1516,"date":"2020-11-17T16:48:29","date_gmt":"2020-11-17T15:48:29","guid":{"rendered":"http:\/\/equalhealth4all.noblogs.org\/?page_id=1516"},"modified":"2020-11-17T16:48:29","modified_gmt":"2020-11-17T15:48:29","slug":"medico-international-ger","status":"publish","type":"page","link":"https:\/\/equalhealth4all.noblogs.org\/de\/medico-international-ger\/","title":{"rendered":"medico international (GER)"},"content":{"rendered":"<p align=\"justify\"><span style=\"font-family: Carlito, sans-serif\">Seit \u00fcber 50 Jahren leistet medico international Hilfe f\u00fcr Menschen in Not und arbeitet an der Beseitigung der strukturellen Ursachen von Armut und Ausgrenzung. 1997 wurde die von medico initiierte Internationale Kampagne zum Verbot von Landminen mit dem Friedensnobelpreis ausgezeichnet. In Solidarit\u00e4t mit den Ausgegrenzten und Marginalisierten im globalen S\u00fcden setzt sich medico f\u00fcr menschenw\u00fcrdige Lebensverh\u00e4ltnisse ein, die ein H\u00f6chstma\u00df an Gesundheit und soziale Gerechtigkeit erm\u00f6glichen. Das Ziel ist, Armut, Not und Gewalt nicht nur zu lindern, sondern ihre Ursachen zu erkennen und zu \u00fcberwinden. Denn die Welt leidet nicht an zu wenig Hilfe, sondern an Verh\u00e4ltnissen, die immer mehr Hilfe notwendig machen.<\/span><\/p>\n<p align=\"justify\"><span style=\"font-family: Carlito, sans-serif\">F\u00fcr medico ist Hilfe Teil eines umfassenden solidarischen und politischen Handelns. Unser Bem\u00fchen, emanzipatorische Prozesse zu unterst\u00fctzen, schlie\u00dft dabei das Bewusstsein um die ambivalenten Folgen von Hilfe ein. Wir handeln nach der Maxime \u201eHilfe verteidigen, kritisieren und \u00fcberwinden\u201c. Kernpunkt ist die partnerschaftliche Kooperation mit Akteurinnen und Akteuren in Afrika, Asien und Lateinamerika. Wir exportieren nicht Hilfsg\u00fcter oder Projekte, sondern f\u00f6rdern lokale Strukturen und Initiativen vor Ort. Unsere Partnerinnen und Partner sind keine Hilfsempf\u00e4nger, sondern kompetente Akteure, die im Kampf f\u00fcr bessere Lebensbedingungen selbst Hilfe organisieren und sich f\u00fcr das Menschenrecht auf Gesundheit einsetzen.<\/span><\/p>\n<p align=\"justify\"><span style=\"font-family: Carlito, sans-serif\">Krisen und Notlagen fallen nicht vom Himmel. Armut und Gewalt haben Ursachen in globalen Ausbeutungs- und Herrschaftsverh\u00e4ltnissen. Daher ist eine aktive und kritische \u00d6ffentlichkeitsarbeit eine zentrale Aufgabe von medico international. Stets Partei f\u00fcr die Rechte der Ausgeschlossenen ergreifend, engagieren wir uns in globalen Netzwerken, auf Veranstaltungen und durch Ver\u00f6ffentlichungen, mit Aktionen und Kampagnen. Wir informieren \u00fcber vergessene Konflikte, unterdr\u00fcckte Interessen und ausgeblendete Abh\u00e4ngigkeiten. Ziel ist der Aufbau und die F\u00f6rderung einer transnationalen Gegen\u00f6ffentlichkeit. In dieser b\u00fcndeln sich die Ideen von einem menschenw\u00fcrdigen guten Leben, \u00fcberall g\u00fcltigen Menschenrechten, sozialer Verantwortung und institutionalisierten Gemeing\u00fctern, die allen zug\u00e4nglich sind.<\/span><\/p>\n<p align=\"justify\">Homepage <a href=\"https:\/\/www.medico.de\/en\/\" target=\"_blank\" rel=\"noopener noreferrer\">medico international<\/a><\/p>\n","protected":false},"excerpt":{"rendered":"<p>Seit \u00fcber 50 Jahren leistet medico international Hilfe f\u00fcr Menschen in Not und arbeitet an der Beseitigung der strukturellen Ursachen von Armut und Ausgrenzung. 1997 wurde die von medico initiierte Internationale Kampagne zum Verbot von Landminen mit dem Friedensnobelpreis ausgezeichnet. &hellip; <a href=\"https:\/\/equalhealth4all.noblogs.org\/de\/medico-international-ger\/\">Weiterlesen <span class=\"meta-nav\">&rarr;<\/span><\/a><\/p>\n","protected":false},"author":15197,"featured_media":0,"parent":0,"menu_order":0,"comment_status":"closed","ping_status":"closed","template":"","meta":{"_locale":"de_DE","_original_post":"http:\/\/equalhealth4all.noblogs.org\/?page_id=1516","footnotes":""},"class_list":["post-1516","page","type-page","status-publish","hentry","de-DE"],"_links":{"self":[{"href":"https:\/\/equalhealth4all.noblogs.org\/wp-json\/wp\/v2\/pages\/1516","targetHints":{"allow":["GET"]}}],"collection":[{"href":"https:\/\/equalhealth4all.noblogs.org\/wp-json\/wp\/v2\/pages"}],"about":[{"href":"https:\/\/equalhealth4all.noblogs.org\/wp-json\/wp\/v2\/types\/page"}],"author":[{"embeddable":true,"href":"https:\/\/equalhealth4all.noblogs.org\/wp-json\/wp\/v2\/users\/15197"}],"replies":[{"embeddable":true,"href":"https:\/\/equalhealth4all.noblogs.org\/wp-json\/wp\/v2\/comments?post=1516"}],"version-history":[{"count":3,"href":"https:\/\/equalhealth4all.noblogs.org\/wp-json\/wp\/v2\/pages\/1516\/revisions"}],"predecessor-version":[{"id":1972,"href":"https:\/\/equalhealth4all.noblogs.org\/wp-json\/wp\/v2\/pages\/1516\/revisions\/1972"}],"wp:attachment":[{"href":"https:\/\/equalhealth4all.noblogs.org\/wp-json\/wp\/v2\/media?parent=1516"}],"curies":[{"name":"wp","href":"https:\/\/api.w.org\/{rel}","templated":true}]}}