{"id":1518,"date":"2020-11-17T17:00:18","date_gmt":"2020-11-17T16:00:18","guid":{"rendered":"http:\/\/equalhealth4all.noblogs.org\/?page_id=1518"},"modified":"2020-11-17T17:00:18","modified_gmt":"2020-11-17T16:00:18","slug":"legal-centre-lesvos-gr","status":"publish","type":"page","link":"https:\/\/equalhealth4all.noblogs.org\/de\/legal-centre-lesvos-gr\/","title":{"rendered":"Legal Centre Lesvos (GR)"},"content":{"rendered":"<p align=\"justify\"><span style=\"font-family: Arial, sans-serif\">Das Rechtszentrum Lesvos AMKE ist eine zivile Non-Profit-Organisation, die in Griechenland registriert ist und zuvor als beschr\u00e4nkter Fonds unter der Schirmherrschaft von Prism the Gift Fund (Gro\u00dfbritannien) t\u00e4tig war. Wir sind eine Partnerschaft mit der Internationalen Vereinigung demokratischer Anw\u00e4lte eingegangen.<\/span><\/p>\n<p align=\"justify\"><span style=\"font-family: Arial, sans-serif\">Seit August 2016 bieten wir Migrant*innen, die auf dem Seeweg nach Lesbos gekommen sind, wo unser B\u00fcro seinen Sitz hat, kostenlose und individuelle rechtliche Informationen und Hilfe an. \u00dcber diese kontinuierliche und direkte Unterst\u00fctzung hinaus arbeiten wir an der Dokumentation von Verletzungen der Rechte von Migrant*innen und engagieren uns in der Anwaltschaft und in strategischen Gerichtsverfahren, um die griechische Regierung, die Mitgliedstaaten der Europ\u00e4ischen Union und die europ\u00e4ischen Institutionen zur Rechenschaft zu ziehen. Dar\u00fcber hinaus setzen wir uns f\u00fcr den gleichberechtigten Zugang zu sicheren und legalen Migrationsrouten in Griechenland, Europa und weltweit ein.<\/span><\/p>\n<p align=\"justify\"><span style=\"font-family: Arial, sans-serif\">Das Rechtszentrum sieht sich nicht als Anbieter humanit\u00e4rer Hilfe f\u00fcr die Gefl\u00fcchteten. Wir glauben an Solidarit\u00e4t, nicht an N\u00e4chstenliebe. Wir sind ein juristisches und politisches Projekt, das darauf abzielt, durch Anwaltschaft, strategische Rechtsstreitigkeiten und Engagement f\u00fcr die Fl\u00fcchtlingsbewegung sinnvolle Ver\u00e4nderungen herbeizuf\u00fchren.<\/span><\/p>\n<p align=\"justify\"><span style=\"font-family: Arial, sans-serif\">In diesem Sinne nimmt das Rechtszentrum die folgenden Prinzipien an, die unsere Arbeit in Lesbos leiten:<\/span><\/p>\n<ul>\n<li>\n<p align=\"justify\"><span style=\"font-family: Arial, sans-serif\">Wir setzen uns f\u00fcr das Recht auf Frieden und gegen die illegalen Interventionen der USA und anderer NATO-L\u00e4nder in Asien und Afrika ein.<\/span><\/p>\n<\/li>\n<li>\n<p align=\"justify\"><span style=\"font-family: Arial, sans-serif\">das Recht auf Asyl zu verteidigen und seine Definition zumindest um die Begriffe Umwelt- und Wirtschaftsfl\u00fcchtlinge zu erweitern<\/span><\/p>\n<\/li>\n<li>\n<p align=\"justify\"><span style=\"font-family: Arial, sans-serif\">sich gegen das rassistische Konzept der Festung Europa und die wachsenden faschistischen Bewegungen, die sich dieses Konzept zu eigen machen<\/span><\/p>\n<\/li>\n<li>\n<p align=\"justify\"><span style=\"font-family: Arial, sans-serif\">sich gegen den EU-T\u00fcrkei-Deal und alle Deals aussprechen, die darauf abzielen, Asylbewerber*innen in Drittl\u00e4nder au\u00dferhalb der EU zu schicken<\/span><\/p>\n<\/li>\n<li>\n<p align=\"justify\"><span style=\"font-family: Arial, sans-serif\">Unterst\u00fctzung der Gew\u00e4hrleistung einer sicheren Passage f\u00fcr Asylsuchende, die in die EU und innerhalb der EU in den Mitgliedstaat reisen wollen, den sie f\u00fcr geeignet halten<\/span><\/p>\n<\/li>\n<li>\n<p align=\"justify\"><span style=\"font-family: Arial, sans-serif\">Unterst\u00fctzung der Pro-Fl\u00fcchtlingsbewegung und Hilfe bei der Entwicklung eines menschenrechts- und fl\u00fcchtlingsorientierten Ansatzes<\/span><\/p>\n<\/li>\n<\/ul>\n<p>Homepage <a href=\"https:\/\/legalcentrelesvos.org\/\" target=\"_blank\" rel=\"noopener noreferrer\">Legal Centre Lesvos<\/a><\/p>\n","protected":false},"excerpt":{"rendered":"<p>Das Rechtszentrum Lesvos AMKE ist eine zivile Non-Profit-Organisation, die in Griechenland registriert ist und zuvor als beschr\u00e4nkter Fonds unter der Schirmherrschaft von Prism the Gift Fund (Gro\u00dfbritannien) t\u00e4tig war. Wir sind eine Partnerschaft mit der Internationalen Vereinigung demokratischer Anw\u00e4lte eingegangen. &hellip; <a href=\"https:\/\/equalhealth4all.noblogs.org\/de\/legal-centre-lesvos-gr\/\">Weiterlesen <span class=\"meta-nav\">&rarr;<\/span><\/a><\/p>\n","protected":false},"author":15197,"featured_media":0,"parent":0,"menu_order":0,"comment_status":"closed","ping_status":"closed","template":"","meta":{"_locale":"de_DE","_original_post":"http:\/\/equalhealth4all.noblogs.org\/?page_id=1518","footnotes":""},"class_list":["post-1518","page","type-page","status-publish","hentry","de-DE"],"_links":{"self":[{"href":"https:\/\/equalhealth4all.noblogs.org\/wp-json\/wp\/v2\/pages\/1518","targetHints":{"allow":["GET"]}}],"collection":[{"href":"https:\/\/equalhealth4all.noblogs.org\/wp-json\/wp\/v2\/pages"}],"about":[{"href":"https:\/\/equalhealth4all.noblogs.org\/wp-json\/wp\/v2\/types\/page"}],"author":[{"embeddable":true,"href":"https:\/\/equalhealth4all.noblogs.org\/wp-json\/wp\/v2\/users\/15197"}],"replies":[{"embeddable":true,"href":"https:\/\/equalhealth4all.noblogs.org\/wp-json\/wp\/v2\/comments?post=1518"}],"version-history":[{"count":3,"href":"https:\/\/equalhealth4all.noblogs.org\/wp-json\/wp\/v2\/pages\/1518\/revisions"}],"predecessor-version":[{"id":1979,"href":"https:\/\/equalhealth4all.noblogs.org\/wp-json\/wp\/v2\/pages\/1518\/revisions\/1979"}],"wp:attachment":[{"href":"https:\/\/equalhealth4all.noblogs.org\/wp-json\/wp\/v2\/media?parent=1518"}],"curies":[{"name":"wp","href":"https:\/\/api.w.org\/{rel}","templated":true}]}}