{"id":1520,"date":"2020-10-20T21:37:22","date_gmt":"2020-10-20T19:37:22","guid":{"rendered":"http:\/\/equalhealth4all.noblogs.org\/?page_id=1520"},"modified":"2020-11-17T17:27:13","modified_gmt":"2020-11-17T16:27:13","slug":"alarmphone-ger","status":"publish","type":"page","link":"https:\/\/equalhealth4all.noblogs.org\/de\/alarmphone-ger\/","title":{"rendered":"Alarmphone (GER)"},"content":{"rendered":"<p lang=\"en-GB\" align=\"justify\"><span style=\"font-size: large\"><span style=\"font-family: Liberation Serif, serif\"><span style=\"font-size: medium\">Das Watch the Med Alarm Phone ist ein Projekt, welches im Oktober 2014 von einem Aktivist_innen Netzwerk und zivilen Akteur_innen in Europa und Nordafrika ins Leben gerufen wurde. Das Projekt startete ein selbstorganisiertes Call-Center f\u00fcr Gefl\u00fcchtete, die auf dem Mittelmeer in Seenot geraten.<\/span><\/span><\/span><\/p>\n<p align=\"justify\">Dabei wird von Seenot Betroffenen eine zweite M\u00f6glichkeit gegeben, ihren Hilferuf an die K\u00fcstenwachen zu tragen. In Echtzeit wird ein Fall dokumentiert und ggf. weitere Unterst\u00fctzung mobilisiert. Auf diese Weise wird \u2013 soweit wie m\u00f6glich \u2013 auf die jeweiligen Verantwortlichen Druck ausge\u00fcbt Menschenrechtsverletzungen wie Pushbacks zu verhindern.<\/p>\n<p align=\"justify\">Das Alarm Phone ist keine Rettungsnummer, aber eine Nummer um Unterst\u00fctzung und Rettung zu organisieren.<\/p>\n<p align=\"justify\">Die relevanten K\u00fcstenwachen wurden informiert und ein respektvoller und kooperativer Umgang mit ihnen wird angestrebt. Unsere Kritik am Grenzregime adressiert insbesondere die politischen Verantwortlichen der EU. Wenn K\u00fcstenwachen nicht sofort reagieren, werden auf der einen Seite M\u00f6glichkeiten abgewogen durch \u00f6ffentlichen Druck eine Rettung zu veranlassen.<\/p>\n<p align=\"justify\">Auf der anderen Seite wird versucht Frachtschiffe, Tanker, etc. welche in der N\u00e4he sind zu kontaktieren und um Unterst\u00fctzung bei der Rettung zu bitten.<\/p>\n<p align=\"justify\">Die Alarm Phone Nummer wird gr\u00f6\u00dftenteils im direkten Kontakt mit Gefl\u00fcchteten Communitys in den wichtigen Transitl\u00e4ndern Nordafrikas und in der T\u00fcrkei verteilt. Weiterhin verteilen wir auch Info-Flyer, um \u00fcber die Risiken der \u00dcberfahrt zu informieren. Daneben wird auch die Nummer weitergegeben, um Risiken zu verringern.<\/p>\n<p align=\"justify\">Das Projekt ist in allen drei Regionen, in denen Menschen die Seegrenzen der EU \u00fcberwinden aktiv:<\/p>\n<ul>\n<li>\n<p align=\"justify\">In der \u00c4g\u00e4is (zwischen der T\u00fcrkei und Griechenland),<\/p>\n<\/li>\n<li>\n<p align=\"justify\">dem zentralen Mittelmeer (zwischen Libyen\/Tunesien und Italien),<\/p>\n<\/li>\n<li>\n<p align=\"justify\">im westlichen Mittelmeer (zwischen Marokko und Spanien).<\/p>\n<\/li>\n<\/ul>\n<p>Homepage <a href=\"https:\/\/alarmphone.org\/en\/\" target=\"_blank\" rel=\"noopener noreferrer\">Alarmphone<\/a><\/p>\n","protected":false},"excerpt":{"rendered":"<p>Das Watch the Med Alarm Phone ist ein Projekt, welches im Oktober 2014 von einem Aktivist_innen Netzwerk und zivilen Akteur_innen in Europa und Nordafrika ins Leben gerufen wurde. Das Projekt startete ein selbstorganisiertes Call-Center f\u00fcr Gefl\u00fcchtete, die auf dem Mittelmeer &hellip; <a href=\"https:\/\/equalhealth4all.noblogs.org\/de\/alarmphone-ger\/\">Weiterlesen <span class=\"meta-nav\">&rarr;<\/span><\/a><\/p>\n","protected":false},"author":15197,"featured_media":0,"parent":0,"menu_order":0,"comment_status":"closed","ping_status":"closed","template":"","meta":{"_locale":"de_DE","_original_post":"http:\/\/equalhealth4all.noblogs.org\/?page_id=1520","footnotes":""},"class_list":["post-1520","page","type-page","status-publish","hentry","de-DE"],"_links":{"self":[{"href":"https:\/\/equalhealth4all.noblogs.org\/wp-json\/wp\/v2\/pages\/1520","targetHints":{"allow":["GET"]}}],"collection":[{"href":"https:\/\/equalhealth4all.noblogs.org\/wp-json\/wp\/v2\/pages"}],"about":[{"href":"https:\/\/equalhealth4all.noblogs.org\/wp-json\/wp\/v2\/types\/page"}],"author":[{"embeddable":true,"href":"https:\/\/equalhealth4all.noblogs.org\/wp-json\/wp\/v2\/users\/15197"}],"replies":[{"embeddable":true,"href":"https:\/\/equalhealth4all.noblogs.org\/wp-json\/wp\/v2\/comments?post=1520"}],"version-history":[{"count":4,"href":"https:\/\/equalhealth4all.noblogs.org\/wp-json\/wp\/v2\/pages\/1520\/revisions"}],"predecessor-version":[{"id":1992,"href":"https:\/\/equalhealth4all.noblogs.org\/wp-json\/wp\/v2\/pages\/1520\/revisions\/1992"}],"wp:attachment":[{"href":"https:\/\/equalhealth4all.noblogs.org\/wp-json\/wp\/v2\/media?parent=1520"}],"curies":[{"name":"wp","href":"https:\/\/api.w.org\/{rel}","templated":true}]}}