{"id":1522,"date":"2020-11-17T16:27:12","date_gmt":"2020-11-17T15:27:12","guid":{"rendered":"http:\/\/equalhealth4all.noblogs.org\/?page_id=1522"},"modified":"2020-11-17T16:27:29","modified_gmt":"2020-11-17T15:27:29","slug":"transnational-migrant-platform-europe-caat-projects-nl","status":"publish","type":"page","link":"https:\/\/equalhealth4all.noblogs.org\/de\/transnational-migrant-platform-europe-caat-projects-nl\/","title":{"rendered":"Transnational Migrant Platform &#8211; Europe (NL)"},"content":{"rendered":"<p align=\"justify\"><span style=\"font-family: Arial, sans-serif\">Transnational Migrantenplatform &#8211; Europe (TMP-E) &#8211; mit Sitz in Amsterdam, NL &#8211; reagiert auf die verschiedenen internationalen, europ\u00e4ischen und nationalen Entwicklungen, die das t\u00e4gliche Leben der Bev\u00f6lkerungen im S\u00fcden und der Migrant*innen- und Gefl\u00fcchtetengemeinschaften in Europa stark beeinflussen.<\/span><\/p>\n<p align=\"justify\"><span style=\"font-family: Arial, sans-serif\">Trotz der Tatsache, dass wir als Migrant*innen und Gefl\u00fcchtete mit unserer Arbeit und unseren R\u00fcck\u00fcberweisungen einen enormen Beitrag zur Wirtschaft und Entwicklung unserer Heimatl\u00e4nder und auch zur europ\u00e4ischen Wirtschaft und Gesellschaft leisten, haben sich unsere Arbeits- und Lebensbedingungen dramatisch verschlechtert.<\/span><\/p>\n<p align=\"justify\"><span style=\"font-family: Arial, sans-serif\">T\u00e4glich sind wir mit Kriminalisierung, Rassismus, Diskriminierung und Islamophobie konfrontiert. Besonders die Undokumentierten unter uns sind sehr stark von der t\u00e4glichen Realit\u00e4t der Ausgrenzung, der Massenrazzien und Abschiebungen betroffen.<\/span><\/p>\n<p align=\"justify\"><span style=\"font-family: Arial, sans-serif\">Wir haben unsere Gemeinschaften mobilisiert und organisiert und intervenieren aktiv, um die Agenda von Migration und Entwicklung in einem Kontext zunehmender Verarmung, insbesondere im globalen S\u00fcden, zur\u00fcckzufordern.<\/span><\/p>\n<p align=\"justify\"><span style=\"font-family: Arial, sans-serif\">Diese Reaktionen finden im Rahmen andauernder politischer Konflikte statt, die durch eine lang anhaltende globale Wirtschaftskrise und eine Reihe von Kriegen versch\u00e4rft werden, die Tausende von Menschen dazu veranlasst haben, lebensgef\u00e4hrliche Reisen \u00fcber das Mittelmeer zu unternehmen und den Balkan zu durchqueren, um Europa zu erreichen<\/span>.<\/p>\n<p align=\"justify\"><span style=\"font-family: Arial, sans-serif\">In dieser Situation hat die undemokratische Aussetzung der UN-Konventionen durch die EU-Mitgliedstaaten zu einer Zunahme von Menschenrechtsverletzungen, Verhaftungen und Deportationen gef\u00fchrt.<\/span><\/p>\n<p align=\"justify\">Homepage <a href=\"https:\/\/ppt.transnationalmigrantplatform.net\/\" target=\"_blank\" rel=\"noopener noreferrer\">Transnational Migrant Platform &#8211; Europe<\/a><\/p>\n","protected":false},"excerpt":{"rendered":"<p>Transnational Migrantenplatform &#8211; Europe (TMP-E) &#8211; mit Sitz in Amsterdam, NL &#8211; reagiert auf die verschiedenen internationalen, europ\u00e4ischen und nationalen Entwicklungen, die das t\u00e4gliche Leben der Bev\u00f6lkerungen im S\u00fcden und der Migrant*innen- und Gefl\u00fcchtetengemeinschaften in Europa stark beeinflussen. Trotz der &hellip; <a href=\"https:\/\/equalhealth4all.noblogs.org\/de\/transnational-migrant-platform-europe-caat-projects-nl\/\">Weiterlesen <span class=\"meta-nav\">&rarr;<\/span><\/a><\/p>\n","protected":false},"author":15197,"featured_media":0,"parent":0,"menu_order":0,"comment_status":"closed","ping_status":"closed","template":"","meta":{"_locale":"de_DE","_original_post":"http:\/\/equalhealth4all.noblogs.org\/?page_id=1522","footnotes":""},"class_list":["post-1522","page","type-page","status-publish","hentry","de-DE"],"_links":{"self":[{"href":"https:\/\/equalhealth4all.noblogs.org\/wp-json\/wp\/v2\/pages\/1522","targetHints":{"allow":["GET"]}}],"collection":[{"href":"https:\/\/equalhealth4all.noblogs.org\/wp-json\/wp\/v2\/pages"}],"about":[{"href":"https:\/\/equalhealth4all.noblogs.org\/wp-json\/wp\/v2\/types\/page"}],"author":[{"embeddable":true,"href":"https:\/\/equalhealth4all.noblogs.org\/wp-json\/wp\/v2\/users\/15197"}],"replies":[{"embeddable":true,"href":"https:\/\/equalhealth4all.noblogs.org\/wp-json\/wp\/v2\/comments?post=1522"}],"version-history":[{"count":4,"href":"https:\/\/equalhealth4all.noblogs.org\/wp-json\/wp\/v2\/pages\/1522\/revisions"}],"predecessor-version":[{"id":1966,"href":"https:\/\/equalhealth4all.noblogs.org\/wp-json\/wp\/v2\/pages\/1522\/revisions\/1966"}],"wp:attachment":[{"href":"https:\/\/equalhealth4all.noblogs.org\/wp-json\/wp\/v2\/media?parent=1522"}],"curies":[{"name":"wp","href":"https:\/\/api.w.org\/{rel}","templated":true}]}}