{"id":1525,"date":"2020-11-17T16:35:39","date_gmt":"2020-11-17T15:35:39","guid":{"rendered":"http:\/\/equalhealth4all.noblogs.org\/?page_id=1525"},"modified":"2020-11-17T16:35:39","modified_gmt":"2020-11-17T15:35:39","slug":"stand-by-me-lesvos-gr","status":"publish","type":"page","link":"https:\/\/equalhealth4all.noblogs.org\/de\/stand-by-me-lesvos-gr\/","title":{"rendered":"Stand by me Lesvos (GR)"},"content":{"rendered":"<p align=\"justify\"><span style=\"font-family: Arial, sans-serif\"><span style=\"font-size: medium\">Wir sind lokale Lehrer*innen, Professor*innenen und Kleinunternehmer*innen, die mit Gefl\u00fcchteten arbeiten. Gemeinsam wollen wir eine Gelegenheit schaffen, bei der Gefl\u00fcchtete ihre Ausbildung verbessern, lernen und ihre F\u00e4higkeiten ausbauen k\u00f6nnen. Als Mitglieder der Gemeinschaft kennen wir die schwierige wirtschaftliche Lage der Menschen auf Lesbos und die Schwierigkeiten der Gefl\u00fcchteten, die hierher kommen. \u00dcber die schrecklichen Bedingungen im Lager Moria wurde in den internationalen Medien ausf\u00fchrlich berichtet, deshalb sind wir nicht hier, um Ihnen zu sagen, wie schlecht die Lage ist.<\/span><\/span><\/p>\n<p align=\"justify\"><span style=\"font-family: Arial, sans-serif\"><span style=\"font-size: medium\">Stand By Me Lesvos ist eine andere Art von Non-Profit-Organisation, wir sind konfrontiert mit einer schlimmen Situation und arbeiten mit sehr geringen Mitteln daran, einen sicheren, positiven Raum zu schaffen, in dem wir Gefl\u00fcchtete ausbilden und unterrichten und sie beraten k\u00f6nnen, wie sie sich vom Rand des Lagerlebens wieder in die Gesellschaft integrieren k\u00f6nnen. W\u00e4hrend internationale NGOs kommen und gehen, leben wir hier in Lesbos: Wir leben hier, wir teilen unser Zuhause mit den Gefl\u00fcchteten, und unser Engagement und unsere Projekte sind langfristig angelegt.<\/span><\/span><\/p>\n<p align=\"justify\">Homepage <a href=\"https:\/\/standbymelesvos.gr\/\" target=\"_blank\" rel=\"noopener noreferrer\">Stand by me Lesvos<\/a><\/p>\n","protected":false},"excerpt":{"rendered":"<p>Wir sind lokale Lehrer*innen, Professor*innenen und Kleinunternehmer*innen, die mit Gefl\u00fcchteten arbeiten. Gemeinsam wollen wir eine Gelegenheit schaffen, bei der Gefl\u00fcchtete ihre Ausbildung verbessern, lernen und ihre F\u00e4higkeiten ausbauen k\u00f6nnen. Als Mitglieder der Gemeinschaft kennen wir die schwierige wirtschaftliche Lage der &hellip; <a href=\"https:\/\/equalhealth4all.noblogs.org\/de\/stand-by-me-lesvos-gr\/\">Weiterlesen <span class=\"meta-nav\">&rarr;<\/span><\/a><\/p>\n","protected":false},"author":15197,"featured_media":0,"parent":0,"menu_order":0,"comment_status":"closed","ping_status":"closed","template":"","meta":{"_locale":"de_DE","_original_post":"http:\/\/equalhealth4all.noblogs.org\/?page_id=1525","footnotes":""},"class_list":["post-1525","page","type-page","status-publish","hentry","de-DE"],"_links":{"self":[{"href":"https:\/\/equalhealth4all.noblogs.org\/wp-json\/wp\/v2\/pages\/1525","targetHints":{"allow":["GET"]}}],"collection":[{"href":"https:\/\/equalhealth4all.noblogs.org\/wp-json\/wp\/v2\/pages"}],"about":[{"href":"https:\/\/equalhealth4all.noblogs.org\/wp-json\/wp\/v2\/types\/page"}],"author":[{"embeddable":true,"href":"https:\/\/equalhealth4all.noblogs.org\/wp-json\/wp\/v2\/users\/15197"}],"replies":[{"embeddable":true,"href":"https:\/\/equalhealth4all.noblogs.org\/wp-json\/wp\/v2\/comments?post=1525"}],"version-history":[{"count":3,"href":"https:\/\/equalhealth4all.noblogs.org\/wp-json\/wp\/v2\/pages\/1525\/revisions"}],"predecessor-version":[{"id":1967,"href":"https:\/\/equalhealth4all.noblogs.org\/wp-json\/wp\/v2\/pages\/1525\/revisions\/1967"}],"wp:attachment":[{"href":"https:\/\/equalhealth4all.noblogs.org\/wp-json\/wp\/v2\/media?parent=1525"}],"curies":[{"name":"wp","href":"https:\/\/api.w.org\/{rel}","templated":true}]}}