{"id":1536,"date":"2020-11-17T16:42:54","date_gmt":"2020-11-17T15:42:54","guid":{"rendered":"http:\/\/equalhealth4all.noblogs.org\/?page_id=1536"},"modified":"2020-11-17T16:42:54","modified_gmt":"2020-11-17T15:42:54","slug":"pikpa-camp-lesvos-solidarity-gr","status":"publish","type":"page","link":"https:\/\/equalhealth4all.noblogs.org\/de\/pikpa-camp-lesvos-solidarity-gr\/","title":{"rendered":"Pikpa Camp &#8211; Lesvos Solidarity (GR)"},"content":{"rendered":"<p lang=\"en-GB\" align=\"justify\"><span style=\"font-size: large\"><span style=\"font-family: Carlito, sans-serif\"><span style=\"font-size: medium\">Das Lager Pikpa ist ein unabh\u00e4ngiges, offenes Gefl\u00fcchtetenlager in Mytilini, Lesbos (Griechenland). Es ist ein gemeinschaftsbasierter Raum, der auf den Prinzipien der Solidarit\u00e4t, der Erm\u00e4chtigung und der aktiven Beteiligung aufgebaut ist.<\/span><\/span><\/span><\/p>\n<p lang=\"en-GB\" align=\"justify\"><span style=\"font-size: large\"><span style=\"font-family: Carlito, sans-serif\"><span style=\"font-size: medium\">Im Pikpa-Lager wird eine neue Art des Zusammenseins, eingebettet in die lokale Gesellschaft, geschaffen. Vor allem wollen wir eine Umgebung schaffen, in der Menschen W\u00fcrde, Liebe, Sicherheit und Respekt finden k\u00f6nnen. Das Pikpa-Camp bietet ein Gef\u00fchl von Zugeh\u00f6rigkeit, Heimat und Gemeinschaft.<\/span><\/span><\/span><\/p>\n<p lang=\"en-GB\" align=\"justify\"><span style=\"font-size: large\"><span style=\"font-family: Carlito, sans-serif\"><span style=\"font-size: medium\">Unser Hauptanliegen ist es, im Pikpa-Camp ein Gef\u00fchl der Sicherheit und des Vertrauens zu erhalten. Die Bewohner*innen des Lagers Pikpa geh\u00f6ren zu den am meisten gef\u00e4hrdeten Gefl\u00fcchteten auf der Insel; Menschen, die unter schweren gesundheitlichen Problemen leiden, Opfer von Folter und Gewalt, kinderreiche Familien, schwangere Frauen, Neugeborene, LGBTI, alleinstehende Frauen und M\u00e4nner und Opfer von Schiffbr\u00fcchen, die geliebte Menschen auf See verloren haben.<\/span><\/span><\/span><\/p>\n<p lang=\"en-GB\" align=\"justify\"><span style=\"font-size: large\"><span style=\"font-family: Carlito, sans-serif\"><span style=\"font-size: medium\">Die Kapazit\u00e4t von Pikpa betr\u00e4gt 100-120 Personen, obwohl es in Notzeiten Hunderte weitere Menschen aufgenommen hat. Die Bev\u00f6lkerung \u00e4ndert sich st\u00e4ndig, je nach: der Dauer der Asylantr\u00e4ge, der Geschwindigkeit des \u00dcberweisungsverfahrens an das Lager Pikpa, der Zahl der Neuank\u00f6mmlinge auf der Insel, den Bedingungen und Kapazit\u00e4ten anderer Aufnahmeorte sowie den individuellen und famili\u00e4ren Bed\u00fcrfnissen.<\/span><\/span><\/span><\/p>\n<p lang=\"en-GB\" align=\"justify\"><span style=\"font-size: large\"><span style=\"font-family: Carlito, sans-serif\"><span style=\"font-size: medium\">Eine gro\u00dfe Zahl von Gefl\u00fcchteten wurde im Pikpa-Lager aufgenommen. Wir sch\u00e4tzen, dass seit 2012 \u00fcber 30.000 Personen im Lager Pikpa geblieben sind.<\/span><\/span><\/span><\/p>\n<p align=\"justify\">Homepage <a href=\"https:\/\/www.lesvossolidarity.org\/en\/what-we-do\/pikpa-camp\" target=\"_blank\" rel=\"noopener noreferrer\">Pikpa Camp &#8211; Lesvos Solidarity<\/a><\/p>\n","protected":false},"excerpt":{"rendered":"<p>Das Lager Pikpa ist ein unabh\u00e4ngiges, offenes Gefl\u00fcchtetenlager in Mytilini, Lesbos (Griechenland). Es ist ein gemeinschaftsbasierter Raum, der auf den Prinzipien der Solidarit\u00e4t, der Erm\u00e4chtigung und der aktiven Beteiligung aufgebaut ist. Im Pikpa-Lager wird eine neue Art des Zusammenseins, eingebettet &hellip; <a href=\"https:\/\/equalhealth4all.noblogs.org\/de\/pikpa-camp-lesvos-solidarity-gr\/\">Weiterlesen <span class=\"meta-nav\">&rarr;<\/span><\/a><\/p>\n","protected":false},"author":15197,"featured_media":0,"parent":0,"menu_order":0,"comment_status":"closed","ping_status":"closed","template":"","meta":{"_locale":"de_DE","_original_post":"http:\/\/equalhealth4all.noblogs.org\/?page_id=1536","footnotes":""},"class_list":["post-1536","page","type-page","status-publish","hentry","de-DE"],"_links":{"self":[{"href":"https:\/\/equalhealth4all.noblogs.org\/wp-json\/wp\/v2\/pages\/1536","targetHints":{"allow":["GET"]}}],"collection":[{"href":"https:\/\/equalhealth4all.noblogs.org\/wp-json\/wp\/v2\/pages"}],"about":[{"href":"https:\/\/equalhealth4all.noblogs.org\/wp-json\/wp\/v2\/types\/page"}],"author":[{"embeddable":true,"href":"https:\/\/equalhealth4all.noblogs.org\/wp-json\/wp\/v2\/users\/15197"}],"replies":[{"embeddable":true,"href":"https:\/\/equalhealth4all.noblogs.org\/wp-json\/wp\/v2\/comments?post=1536"}],"version-history":[{"count":2,"href":"https:\/\/equalhealth4all.noblogs.org\/wp-json\/wp\/v2\/pages\/1536\/revisions"}],"predecessor-version":[{"id":1969,"href":"https:\/\/equalhealth4all.noblogs.org\/wp-json\/wp\/v2\/pages\/1536\/revisions\/1969"}],"wp:attachment":[{"href":"https:\/\/equalhealth4all.noblogs.org\/wp-json\/wp\/v2\/media?parent=1536"}],"curies":[{"name":"wp","href":"https:\/\/api.w.org\/{rel}","templated":true}]}}