{"id":1538,"date":"2020-11-17T17:19:38","date_gmt":"2020-11-17T16:19:38","guid":{"rendered":"http:\/\/equalhealth4all.noblogs.org\/?page_id=1538"},"modified":"2020-11-17T17:19:38","modified_gmt":"2020-11-17T16:19:38","slug":"fluchtlingsrat-berlin-e-v-ger","status":"publish","type":"page","link":"https:\/\/equalhealth4all.noblogs.org\/de\/fluchtlingsrat-berlin-e-v-ger\/","title":{"rendered":"Fl\u00fcchtlingsrat Berlin e.V. (GER)"},"content":{"rendered":"<p align=\"justify\"><span style=\"font-size: medium\">Im Fl\u00fcchtlingsrat Berlin arbeiten seit 1981 Organisationen, Beratungsstellen, Fl\u00fcchtlingsselbsthilfegruppen, Initiativen und engagierte Einzelpersonen zusammen. Wir setzen uns ein f\u00fcr die Verbesserung der Lebensbedingungen von gefl\u00fcchteten Menschen und die Wahrung ihrer Menschenw\u00fcrde.<\/span><\/p>\n<p align=\"justify\">Die Verteidigung des Rechts auf Asyl und Fl\u00fcchtlingsschutz sowie der Abbau staatlicher Diskriminierungen sind unsere wesentlichen Ziele.<\/p>\n<p align=\"justify\">Wir sind im Land Berlin aktiv und kooperieren eng mit den Fl\u00fcchtlingsr\u00e4ten der anderen Bundesl\u00e4nder und mit PRO ASYL.<\/p>\n<p align=\"justify\">Der Fl\u00fcchtlingsrat setzt sich mit dem Berliner Senat, mit Beh\u00f6rden, Verb\u00e4nden, Parteien und Politikern auseinander, um die Rechte von Fl\u00fcchtlingen zu verteidigen. Auch \u00f6ffentliche Appelle, Aktionen und Veranstaltungen zu aktuellen fl\u00fcchtlingspolitischen Entwicklungen dienen diesem Ziel. Er vertritt die Berliner Fl\u00fcchtlingsarbeit nach au\u00dfen und ist Ansprechpartner f\u00fcr die \u00d6ffentlichkeit und die Medien. Seine Mitglieder arbeiten in vielen wichtigen \u00f6ffentlichen Gremien und Organisationen mit. Durch die regelm\u00e4\u00dfige Versendung eines Rundbriefs wird ein gro\u00dfer Interessentenkreis in und au\u00dferhalb Berlins informiert. Die Teilnahme an den Sitzungen des Fl\u00fcchtlingsrates ist f\u00fcr alle Interessenten offen. Aus dem Plenum heraus k\u00f6nnen Initiativen und thematische Arbeitsgruppen verabredet werden.<\/p>\n<p align=\"justify\">Homepage <a href=\"https:\/\/fluechtlingsrat-berlin.de\/\" target=\"_blank\" rel=\"noopener noreferrer\">Fl\u00fcchtlingsrat Berlin e.V.<\/a><\/p>\n","protected":false},"excerpt":{"rendered":"<p>Im Fl\u00fcchtlingsrat Berlin arbeiten seit 1981 Organisationen, Beratungsstellen, Fl\u00fcchtlingsselbsthilfegruppen, Initiativen und engagierte Einzelpersonen zusammen. Wir setzen uns ein f\u00fcr die Verbesserung der Lebensbedingungen von gefl\u00fcchteten Menschen und die Wahrung ihrer Menschenw\u00fcrde. Die Verteidigung des Rechts auf Asyl und Fl\u00fcchtlingsschutz sowie &hellip; <a href=\"https:\/\/equalhealth4all.noblogs.org\/de\/fluchtlingsrat-berlin-e-v-ger\/\">Weiterlesen <span class=\"meta-nav\">&rarr;<\/span><\/a><\/p>\n","protected":false},"author":15197,"featured_media":0,"parent":0,"menu_order":0,"comment_status":"closed","ping_status":"closed","template":"","meta":{"_locale":"de_DE","_original_post":"http:\/\/equalhealth4all.noblogs.org\/?page_id=1538","footnotes":""},"class_list":["post-1538","page","type-page","status-publish","hentry","de-DE"],"_links":{"self":[{"href":"https:\/\/equalhealth4all.noblogs.org\/wp-json\/wp\/v2\/pages\/1538","targetHints":{"allow":["GET"]}}],"collection":[{"href":"https:\/\/equalhealth4all.noblogs.org\/wp-json\/wp\/v2\/pages"}],"about":[{"href":"https:\/\/equalhealth4all.noblogs.org\/wp-json\/wp\/v2\/types\/page"}],"author":[{"embeddable":true,"href":"https:\/\/equalhealth4all.noblogs.org\/wp-json\/wp\/v2\/users\/15197"}],"replies":[{"embeddable":true,"href":"https:\/\/equalhealth4all.noblogs.org\/wp-json\/wp\/v2\/comments?post=1538"}],"version-history":[{"count":2,"href":"https:\/\/equalhealth4all.noblogs.org\/wp-json\/wp\/v2\/pages\/1538\/revisions"}],"predecessor-version":[{"id":1983,"href":"https:\/\/equalhealth4all.noblogs.org\/wp-json\/wp\/v2\/pages\/1538\/revisions\/1983"}],"wp:attachment":[{"href":"https:\/\/equalhealth4all.noblogs.org\/wp-json\/wp\/v2\/media?parent=1538"}],"curies":[{"name":"wp","href":"https:\/\/api.w.org\/{rel}","templated":true}]}}