{"id":1542,"date":"2020-11-17T17:17:59","date_gmt":"2020-11-17T16:17:59","guid":{"rendered":"http:\/\/equalhealth4all.noblogs.org\/?page_id=1542"},"modified":"2020-11-17T17:17:59","modified_gmt":"2020-11-17T16:17:59","slug":"initiative-in-gedenken-an-oury-jalloh-e-v-ger","status":"publish","type":"page","link":"https:\/\/equalhealth4all.noblogs.org\/de\/initiative-in-gedenken-an-oury-jalloh-e-v-ger\/","title":{"rendered":"Initiative in Gedenken an Oury Jalloh e.V. (GER)"},"content":{"rendered":"<p align=\"justify\"><span style=\"font-size: medium\">Die Initiative in Gedenken an Oury Jalloh gr\u00fcndete sich unmittelbar nach dem Brandtod Oury Jallohs in der Gewahrsamszelle Nr. 5 des Polizeireviers Dessau-Ro\u00dflau am 7. Januar 2005.<\/p>\n<p>Die Ermittlungen der Staatsanwaltschaft Dessau in dem Fall waren von Anfang an darauf ausgerichtet, nachzuweisen, \u201e\u2026dass die theoretische M\u00f6glichkeit jedenfalls bestand, dass er (Oury Jalloh) selbst die T\u00f6tung veranlasst hat\u201c \u2013 wie es der Leitende Oberstaatsanwalt Folker Bittmann auf der ersten und einzigen Pressekonferenz seiner Beh\u00f6rde zum \u201etragischen Ereignis\u201c des Brandmordes an Oury Jalloh formulierten.<\/span><\/p>\n<p align=\"justify\"><span style=\"font-size: medium\">Die Ermittlungen wurden und werden bis heute gezielt verschleppt, einseitig eingegrenzt oder abgeblockt. Beweise wurden aktiv manipuliert, Zeug*innen unter Druck gesetzt und Tatsachen vertuscht. Ein strukturell rassistisches politisches System sowie der rassistische Konsens innerhalb der Gesellschaft haben diesen und viele andere Morde des politischen Systems erst m\u00f6glich gemacht. Polizeigewalt wird durch die Politik und staatliche Ermittlungsorgane gedeckt, die Judikative verleugnet den Rassismus der Institutionen und ihrer Beamt*innen und folgt so den politisch vorgegebenen Leitlinien einer verfassungsbeugenden Staatsr\u00e4son.<\/span><\/p>\n<p align=\"justify\"><span style=\"font-size: medium\">Die Initiative in Gedenken an Oury Jalloh hat die manipulativen Ermittlungen von Anfang an durch eigene gutachterliche Untersuchungen begleitet, da sich Staatsanwaltschaft und Richter kontinuierlich weigerten, die tats\u00e4chlichen Todesumst\u00e4nde des Oury Jalloh ergebnisoffen zu ermitteln. So wurde die Er\u00f6ffnung eines gerichtlichen Strafverfahrens erst durch das Ergebnis einer zweiten, spendenfinanzierten Autopsie erm\u00f6glicht, nachdem die Staatsanwaltschaft Antr\u00e4ge der Anw\u00e4lte der Familie auf R\u00f6ntgenuntersuchungen zum Ausschluss kn\u00f6cherner Verletzungen am Leichnam Oury Jallohs mit Verweis auf die ja \u201ebereits bekannte Todesursache\u201c zur\u00fcckgewiesen wurden. Bei dieser Autopsie konnten mehrere kn\u00f6cherne Verletzungen nachgewiesen werden.<\/span><\/p>\n<p>Homepage <a href=\"https:\/\/initiativeouryjalloh.wordpress.com\/\" target=\"_blank\" rel=\"noopener noreferrer\"><span style=\"font-size: medium\">Initiative in Gedenken an Oury Jalloh e.V.<\/span><\/a><\/p>\n<p>&nbsp;<\/p>\n","protected":false},"excerpt":{"rendered":"<p>Die Initiative in Gedenken an Oury Jalloh gr\u00fcndete sich unmittelbar nach dem Brandtod Oury Jallohs in der Gewahrsamszelle Nr. 5 des Polizeireviers Dessau-Ro\u00dflau am 7. Januar 2005. Die Ermittlungen der Staatsanwaltschaft Dessau in dem Fall waren von Anfang an darauf &hellip; <a href=\"https:\/\/equalhealth4all.noblogs.org\/de\/initiative-in-gedenken-an-oury-jalloh-e-v-ger\/\">Weiterlesen <span class=\"meta-nav\">&rarr;<\/span><\/a><\/p>\n","protected":false},"author":15197,"featured_media":0,"parent":0,"menu_order":0,"comment_status":"closed","ping_status":"closed","template":"","meta":{"_locale":"de_DE","_original_post":"http:\/\/equalhealth4all.noblogs.org\/?page_id=1542","footnotes":""},"class_list":["post-1542","page","type-page","status-publish","hentry","de-DE"],"_links":{"self":[{"href":"https:\/\/equalhealth4all.noblogs.org\/wp-json\/wp\/v2\/pages\/1542","targetHints":{"allow":["GET"]}}],"collection":[{"href":"https:\/\/equalhealth4all.noblogs.org\/wp-json\/wp\/v2\/pages"}],"about":[{"href":"https:\/\/equalhealth4all.noblogs.org\/wp-json\/wp\/v2\/types\/page"}],"author":[{"embeddable":true,"href":"https:\/\/equalhealth4all.noblogs.org\/wp-json\/wp\/v2\/users\/15197"}],"replies":[{"embeddable":true,"href":"https:\/\/equalhealth4all.noblogs.org\/wp-json\/wp\/v2\/comments?post=1542"}],"version-history":[{"count":2,"href":"https:\/\/equalhealth4all.noblogs.org\/wp-json\/wp\/v2\/pages\/1542\/revisions"}],"predecessor-version":[{"id":1982,"href":"https:\/\/equalhealth4all.noblogs.org\/wp-json\/wp\/v2\/pages\/1542\/revisions\/1982"}],"wp:attachment":[{"href":"https:\/\/equalhealth4all.noblogs.org\/wp-json\/wp\/v2\/media?parent=1542"}],"curies":[{"name":"wp","href":"https:\/\/api.w.org\/{rel}","templated":true}]}}