{"id":1544,"date":"2020-11-17T17:20:59","date_gmt":"2020-11-17T16:20:59","guid":{"rendered":"http:\/\/equalhealth4all.noblogs.org\/?page_id=1544"},"modified":"2020-11-17T17:20:59","modified_gmt":"2020-11-17T16:20:59","slug":"fluchtlingsrat-bayern-ger","status":"publish","type":"page","link":"https:\/\/equalhealth4all.noblogs.org\/de\/fluchtlingsrat-bayern-ger\/","title":{"rendered":"Fl\u00fcchtlingsrat Bayern (GER)"},"content":{"rendered":"<p align=\"justify\">Der <em>Bayerische Fl\u00fcchtlingsrat<\/em> ist eine Organisation der Gefl\u00fcchtetensolidarit\u00e4t. Als Menschenrechtsorganisation machen wir uns stark f\u00fcr die Rechte von Gefl\u00fcchteten und Migrant*innen. Wir sind der festen \u00dcberzeugung, dass die Geltung von Menschenrechten Vorrang haben muss vor einer Politik der Fl\u00fcchtlingsabwehr. Wir k\u00e4mpfen f\u00fcr ein echtes Bleiberecht f\u00fcr alle Gefl\u00fcchteten und Migrant*innen.<\/p>\n<p align=\"justify\">Flucht und Migration finden statt, trotz und entgegen aller staatlichen Regulierungs- und Verhinderungsversuche. Doch niemand flieht freiwillig. Menschen verlassen ihre Herkunftsl\u00e4nder in bestimmten Lebenssituationen, in denen sie akut bedroht und auf Schutz und Unterst\u00fctzung angewiesen sind.<\/p>\n<p align=\"justify\">Da dieser Schutz jedoch oftmals hinter der Abwehr von Gefl\u00fcchteten zur\u00fccksteht, haben engagierte Einzelpersonen, Initiativen und Organisationen der Fl\u00fcchtlingssolidarit\u00e4t in Bayern 1986 den <em>Bayerischen Fl\u00fcchtlingsrat <\/em>als \u00fcberparteilichen und \u00fcberregionalen Dachverband ins Leben gerufen.<\/p>\n<p align=\"justify\">Abschiebungen lehnen wir strikt ab. Die R\u00fcckkehr von Gefl\u00fcchteten darf nur frei und selbstbestimmt erfolgen. Wir lehnen die Ausgrenzung und Isolation von Gefl\u00fcchteten durch die Unterbringung in Lagern ab und fordern gleiche Rechte f\u00fcr alle.<\/p>\n<p align=\"justify\">Gefl\u00fcchteten, engagierten Gruppen und Einzelpersonen bieten wir Beratung, Information und wenn n\u00f6tig rechtlichen Beistand. Wir tragen durch \u00d6ffentlichkeitsarbeit dazu bei, dass die gesellschaftliche Akzeptanz gegen\u00fcber Gefl\u00fcchteten und Migrant*innen w\u00e4chst. Dort, wo individuelles Handeln an seine Grenzen st\u00f6\u00dft, klagen wir auf vielf\u00e4ltige Weise menschenunw\u00fcrdige Lebenssituationen an, um strukturelle Verbesserungen f\u00fcr alle Gefl\u00fcchteten zu erlangen.<\/p>\n<p align=\"justify\">Homepage <a href=\"https:\/\/www.fluechtlingsrat-bayern.de\/\" target=\"_blank\" rel=\"noopener noreferrer\">Bayerischer Fl\u00fcchtlingsrat<\/a><\/p>\n","protected":false},"excerpt":{"rendered":"<p>Der Bayerische Fl\u00fcchtlingsrat ist eine Organisation der Gefl\u00fcchtetensolidarit\u00e4t. Als Menschenrechtsorganisation machen wir uns stark f\u00fcr die Rechte von Gefl\u00fcchteten und Migrant*innen. Wir sind der festen \u00dcberzeugung, dass die Geltung von Menschenrechten Vorrang haben muss vor einer Politik der Fl\u00fcchtlingsabwehr. Wir &hellip; <a href=\"https:\/\/equalhealth4all.noblogs.org\/de\/fluchtlingsrat-bayern-ger\/\">Weiterlesen <span class=\"meta-nav\">&rarr;<\/span><\/a><\/p>\n","protected":false},"author":15197,"featured_media":0,"parent":0,"menu_order":0,"comment_status":"closed","ping_status":"closed","template":"","meta":{"_locale":"de_DE","_original_post":"http:\/\/equalhealth4all.noblogs.org\/?page_id=1544","footnotes":""},"class_list":["post-1544","page","type-page","status-publish","hentry","de-DE"],"_links":{"self":[{"href":"https:\/\/equalhealth4all.noblogs.org\/wp-json\/wp\/v2\/pages\/1544","targetHints":{"allow":["GET"]}}],"collection":[{"href":"https:\/\/equalhealth4all.noblogs.org\/wp-json\/wp\/v2\/pages"}],"about":[{"href":"https:\/\/equalhealth4all.noblogs.org\/wp-json\/wp\/v2\/types\/page"}],"author":[{"embeddable":true,"href":"https:\/\/equalhealth4all.noblogs.org\/wp-json\/wp\/v2\/users\/15197"}],"replies":[{"embeddable":true,"href":"https:\/\/equalhealth4all.noblogs.org\/wp-json\/wp\/v2\/comments?post=1544"}],"version-history":[{"count":2,"href":"https:\/\/equalhealth4all.noblogs.org\/wp-json\/wp\/v2\/pages\/1544\/revisions"}],"predecessor-version":[{"id":1984,"href":"https:\/\/equalhealth4all.noblogs.org\/wp-json\/wp\/v2\/pages\/1544\/revisions\/1984"}],"wp:attachment":[{"href":"https:\/\/equalhealth4all.noblogs.org\/wp-json\/wp\/v2\/media?parent=1544"}],"curies":[{"name":"wp","href":"https:\/\/api.w.org\/{rel}","templated":true}]}}