{"id":1546,"date":"2020-11-17T17:24:47","date_gmt":"2020-11-17T16:24:47","guid":{"rendered":"http:\/\/equalhealth4all.noblogs.org\/?page_id=1546"},"modified":"2020-11-17T17:24:47","modified_gmt":"2020-11-17T16:24:47","slug":"abschiebungsbeobachtung-nrw-ger","status":"publish","type":"page","link":"https:\/\/equalhealth4all.noblogs.org\/de\/abschiebungsbeobachtung-nrw-ger\/","title":{"rendered":"Abschiebungsbeobachtung \u2013 NRW (GER)"},"content":{"rendered":"<p align=\"justify\"><span style=\"font-family: Arial, sans-serif\">Die Abschiebungsbeobachter*innen sind zust\u00e4ndig f\u00fcr das Monitoring von R\u00fcckf\u00fchrungsma\u00dfnahmen. Die Beobachtung erfolgt teilnehmend und unabh\u00e4ngig. Sie umfasst R\u00fcckf\u00fchrungsma\u00dfnahmen auf dem Luftweg in Form von Einzel- und Sammelabschiebungen in Herkunftsl\u00e4nder sowie \u00dcberstellungen gem\u00e4\u00df der Dublin-III Verordnung. Das Ziel der Abschiebungsbeobachtung ist es, Vorgang und Vollzug dieser Ma\u00dfnahmen transparent zu machen und Missst\u00e4nde aufzudecken. Sie vermittelt zwischen und vernetzt alle am Abschiebungsvollzug beteiligten Akteur*innen. Dazu geh\u00f6ren, insbesondere die von der Abschiebung Betroffenen, Mitarbeitende der Bundespolizei am Flughafen sowie der Ausl\u00e4nderbeh\u00f6rden, Rechtsanw\u00e4lt*innen, \u00c4rzt*innen und Mitarbeitende von Beratungsstellen. Ihre Beobachtungen werden dokumentiert und an das Forum Flugh\u00e4fen in NRW (FFiNW) berichtet. In dem nicht \u00f6ffentlichen Gremium, bestehend aus staatlichen und nichtstaatlichen Vertreter*innen, werden Fragen in Bezug auf den Abschiebungsvollzug diskutiert und reflektiert.<\/span><\/p>\n<p align=\"justify\">Homepage <a href=\"https:\/\/www.diakonie-rwl.de\/themen\/migration-und-flucht\/abschiebungsbeobachtung-nrw\" target=\"_blank\" rel=\"noopener noreferrer\">Abschiebebeobachtung NRW<\/a><\/p>\n<p align=\"justify\">\n","protected":false},"excerpt":{"rendered":"<p>Die Abschiebungsbeobachter*innen sind zust\u00e4ndig f\u00fcr das Monitoring von R\u00fcckf\u00fchrungsma\u00dfnahmen. Die Beobachtung erfolgt teilnehmend und unabh\u00e4ngig. Sie umfasst R\u00fcckf\u00fchrungsma\u00dfnahmen auf dem Luftweg in Form von Einzel- und Sammelabschiebungen in Herkunftsl\u00e4nder sowie \u00dcberstellungen gem\u00e4\u00df der Dublin-III Verordnung. Das Ziel der Abschiebungsbeobachtung ist &hellip; <a href=\"https:\/\/equalhealth4all.noblogs.org\/de\/abschiebungsbeobachtung-nrw-ger\/\">Weiterlesen <span class=\"meta-nav\">&rarr;<\/span><\/a><\/p>\n","protected":false},"author":15197,"featured_media":0,"parent":0,"menu_order":0,"comment_status":"closed","ping_status":"closed","template":"","meta":{"_locale":"de_DE","_original_post":"http:\/\/equalhealth4all.noblogs.org\/?page_id=1546","footnotes":""},"class_list":["post-1546","page","type-page","status-publish","hentry","de-DE"],"_links":{"self":[{"href":"https:\/\/equalhealth4all.noblogs.org\/wp-json\/wp\/v2\/pages\/1546","targetHints":{"allow":["GET"]}}],"collection":[{"href":"https:\/\/equalhealth4all.noblogs.org\/wp-json\/wp\/v2\/pages"}],"about":[{"href":"https:\/\/equalhealth4all.noblogs.org\/wp-json\/wp\/v2\/types\/page"}],"author":[{"embeddable":true,"href":"https:\/\/equalhealth4all.noblogs.org\/wp-json\/wp\/v2\/users\/15197"}],"replies":[{"embeddable":true,"href":"https:\/\/equalhealth4all.noblogs.org\/wp-json\/wp\/v2\/comments?post=1546"}],"version-history":[{"count":3,"href":"https:\/\/equalhealth4all.noblogs.org\/wp-json\/wp\/v2\/pages\/1546\/revisions"}],"predecessor-version":[{"id":1989,"href":"https:\/\/equalhealth4all.noblogs.org\/wp-json\/wp\/v2\/pages\/1546\/revisions\/1989"}],"wp:attachment":[{"href":"https:\/\/equalhealth4all.noblogs.org\/wp-json\/wp\/v2\/media?parent=1546"}],"curies":[{"name":"wp","href":"https:\/\/api.w.org\/{rel}","templated":true}]}}