{"id":1549,"date":"2020-11-18T20:19:43","date_gmt":"2020-11-18T19:19:43","guid":{"rendered":"http:\/\/equalhealth4all.noblogs.org\/?page_id=1549"},"modified":"2020-11-18T20:19:43","modified_gmt":"2020-11-18T19:19:43","slug":"asociacion-sedoac-servicio-domestico-activo-esp","status":"publish","type":"page","link":"https:\/\/equalhealth4all.noblogs.org\/de\/asociacion-sedoac-servicio-domestico-activo-esp\/","title":{"rendered":"Asociaci\u00f3n SEDOAC (Servicio Dom\u00e9stico Activo) (ESP)"},"content":{"rendered":"<p align=\"left\"><span style=\"color: #00000a\"><span style=\"font-family: Arial, serif\"><span style=\"font-size: medium\">Verband SEDOAC (Aktive Hausangestellte)<\/span><\/span><\/span><\/p>\n<p align=\"justify\"><span style=\"font-family: Arial, sans-serif\">Vereinigung f\u00fcr die Verteidigung von Hausangestellten und Pflegepersonal.<\/span><\/p>\n<p align=\"justify\"><span style=\"font-family: Arial, sans-serif\">Wir sind eine Vereinigung von Frauen verschiedener Nationalit\u00e4ten, die es leid sind, einem unsichtbaren, verletzlichen und prek\u00e4ren Sektor anzugeh\u00f6ren, und die beschlossen haben, ihre Kr\u00e4fte zu b\u00fcndeln und f\u00fcr die volle Gleichberechtigung aller Hausangestellten in Spanien zu k\u00e4mpfen: f\u00fcr arbeitsrechtliche, politische, soziale und b\u00fcrgerliche Rechte.<\/span><\/p>\n<p align=\"justify\"><span style=\"font-family: Arial, sans-serif\">Eine Referenzvereinigung, die sich f\u00fcr die F\u00f6rderung der Bef\u00e4higung von Hausangestellten und Pflegekr\u00e4ften sowie f\u00fcr die Verteidigung der vollen Gleichberechtigung der Rechte und ihrer fairen und menschenw\u00fcrdigen Bedingungen einsetzt; mit nationaler und internationaler Reichweite.<\/span><\/p>\n<p align=\"justify\"><span style=\"font-family: Arial, sans-serif\">F\u00fcr die Bef\u00e4higung der im Haus- und Pflegesektor Besch\u00e4ftigten, damit sie Architekten der W\u00fcrde des Sektors und der Verbesserung ihrer Arbeitsbedingungen sind.<\/span><\/p>\n<p align=\"justify\">Homepage <a href=\"http:\/\/sedoac.org\/\" target=\"_blank\" rel=\"noopener noreferrer\">SEDOAC<\/a><\/p>\n","protected":false},"excerpt":{"rendered":"<p>Verband SEDOAC (Aktive Hausangestellte) Vereinigung f\u00fcr die Verteidigung von Hausangestellten und Pflegepersonal. Wir sind eine Vereinigung von Frauen verschiedener Nationalit\u00e4ten, die es leid sind, einem unsichtbaren, verletzlichen und prek\u00e4ren Sektor anzugeh\u00f6ren, und die beschlossen haben, ihre Kr\u00e4fte zu b\u00fcndeln und &hellip; <a href=\"https:\/\/equalhealth4all.noblogs.org\/de\/asociacion-sedoac-servicio-domestico-activo-esp\/\">Weiterlesen <span class=\"meta-nav\">&rarr;<\/span><\/a><\/p>\n","protected":false},"author":15197,"featured_media":0,"parent":0,"menu_order":0,"comment_status":"closed","ping_status":"closed","template":"","meta":{"_locale":"de_DE","_original_post":"http:\/\/equalhealth4all.noblogs.org\/?page_id=1549","footnotes":""},"class_list":["post-1549","page","type-page","status-publish","hentry","de-DE"],"_links":{"self":[{"href":"https:\/\/equalhealth4all.noblogs.org\/wp-json\/wp\/v2\/pages\/1549","targetHints":{"allow":["GET"]}}],"collection":[{"href":"https:\/\/equalhealth4all.noblogs.org\/wp-json\/wp\/v2\/pages"}],"about":[{"href":"https:\/\/equalhealth4all.noblogs.org\/wp-json\/wp\/v2\/types\/page"}],"author":[{"embeddable":true,"href":"https:\/\/equalhealth4all.noblogs.org\/wp-json\/wp\/v2\/users\/15197"}],"replies":[{"embeddable":true,"href":"https:\/\/equalhealth4all.noblogs.org\/wp-json\/wp\/v2\/comments?post=1549"}],"version-history":[{"count":2,"href":"https:\/\/equalhealth4all.noblogs.org\/wp-json\/wp\/v2\/pages\/1549\/revisions"}],"predecessor-version":[{"id":2002,"href":"https:\/\/equalhealth4all.noblogs.org\/wp-json\/wp\/v2\/pages\/1549\/revisions\/2002"}],"wp:attachment":[{"href":"https:\/\/equalhealth4all.noblogs.org\/wp-json\/wp\/v2\/media?parent=1549"}],"curies":[{"name":"wp","href":"https:\/\/api.w.org\/{rel}","templated":true}]}}