{"id":1577,"date":"2020-11-17T17:15:51","date_gmt":"2020-11-17T16:15:51","guid":{"rendered":"http:\/\/equalhealth4all.noblogs.org\/?page_id=1577"},"modified":"2020-11-17T17:15:51","modified_gmt":"2020-11-17T16:15:51","slug":"institute-of-race-relations-uk","status":"publish","type":"page","link":"https:\/\/equalhealth4all.noblogs.org\/de\/institute-of-race-relations-uk\/","title":{"rendered":"Institute of Race Relations (UK)"},"content":{"rendered":"<p lang=\"en-GB\" align=\"justify\"><span style=\"font-size: large\"><span style=\"font-family: Liberation Serif, serif\"><span style=\"font-size: medium\">Das <\/span><\/span><span style=\"font-family: Liberation Serif, serif\"><span style=\"font-size: medium\">Institute of Race Relations<\/span><\/span><span style=\"font-family: Liberation Serif, serif\"><span style=\"font-size: medium\"> (IRR) wurde 1958 als unabh\u00e4ngige Wohlt\u00e4tigkeitsorganisation mit dem Ziel gegr\u00fcndet, Forschung zu betreiben, zu ver\u00f6ffentlichen und Ressourcen \u00fcber Rassenbeziehungen in der ganzen Welt zu sammeln. Im Jahr 1972 unterst\u00fctzte die Mitgliedschaft des IRR die Mitarbeiter bei einer radikalen Umwandlung der Organisation von einer politikorientierten, etablierten akademischen Institution in eine antirassistische &#8222;Denkfabrik&#8220;. Das IRR begann, sich darauf zu konzentrieren, auf die Bed\u00fcrfnisse der Schwarzen einzugehen und direkte Analysen des institutionalisierten Rassismus in Gro\u00dfbritannien und dem \u00fcbrigen Europa durchzuf\u00fchren. Heute steht das IRR an der Spitze der Forschung und Analyse, die den Kampf f\u00fcr Rassengerechtigkeit in Gro\u00dfbritannien, Europa und international pr\u00e4gen. Es versucht, die Erfahrungen derjenigen zu reflektieren, die unter rassistischer Unterdr\u00fcckung leiden, und bezieht seine Perspektiven von den Schw\u00e4chsten in der Gesellschaft.<\/span><\/span><\/span><\/p>\n<p lang=\"en-GB\" align=\"justify\">Homepage <a href=\"https:\/\/irr.org.uk\/\" target=\"_blank\" rel=\"noopener noreferrer\">Institute of Race Relations<\/a><\/p>\n","protected":false},"excerpt":{"rendered":"<p>Das Institute of Race Relations (IRR) wurde 1958 als unabh\u00e4ngige Wohlt\u00e4tigkeitsorganisation mit dem Ziel gegr\u00fcndet, Forschung zu betreiben, zu ver\u00f6ffentlichen und Ressourcen \u00fcber Rassenbeziehungen in der ganzen Welt zu sammeln. Im Jahr 1972 unterst\u00fctzte die Mitgliedschaft des IRR die Mitarbeiter &hellip; <a href=\"https:\/\/equalhealth4all.noblogs.org\/de\/institute-of-race-relations-uk\/\">Weiterlesen <span class=\"meta-nav\">&rarr;<\/span><\/a><\/p>\n","protected":false},"author":15197,"featured_media":0,"parent":0,"menu_order":0,"comment_status":"closed","ping_status":"closed","template":"","meta":{"_locale":"de_DE","_original_post":"http:\/\/equalhealth4all.noblogs.org\/?page_id=1577","footnotes":""},"class_list":["post-1577","page","type-page","status-publish","hentry","de-DE"],"_links":{"self":[{"href":"https:\/\/equalhealth4all.noblogs.org\/wp-json\/wp\/v2\/pages\/1577","targetHints":{"allow":["GET"]}}],"collection":[{"href":"https:\/\/equalhealth4all.noblogs.org\/wp-json\/wp\/v2\/pages"}],"about":[{"href":"https:\/\/equalhealth4all.noblogs.org\/wp-json\/wp\/v2\/types\/page"}],"author":[{"embeddable":true,"href":"https:\/\/equalhealth4all.noblogs.org\/wp-json\/wp\/v2\/users\/15197"}],"replies":[{"embeddable":true,"href":"https:\/\/equalhealth4all.noblogs.org\/wp-json\/wp\/v2\/comments?post=1577"}],"version-history":[{"count":2,"href":"https:\/\/equalhealth4all.noblogs.org\/wp-json\/wp\/v2\/pages\/1577\/revisions"}],"predecessor-version":[{"id":1981,"href":"https:\/\/equalhealth4all.noblogs.org\/wp-json\/wp\/v2\/pages\/1577\/revisions\/1981"}],"wp:attachment":[{"href":"https:\/\/equalhealth4all.noblogs.org\/wp-json\/wp\/v2\/media?parent=1577"}],"curies":[{"name":"wp","href":"https:\/\/api.w.org\/{rel}","templated":true}]}}