{"id":1811,"date":"2020-11-17T18:19:49","date_gmt":"2020-11-17T17:19:49","guid":{"rendered":"http:\/\/equalhealth4all.noblogs.org\/?page_id=1811"},"modified":"2020-11-17T18:19:49","modified_gmt":"2020-11-17T17:19:49","slug":"borderline-europe","status":"publish","type":"page","link":"https:\/\/equalhealth4all.noblogs.org\/de\/borderline-europe\/","title":{"rendered":"borderline-europe"},"content":{"rendered":"<p align=\"justify\"><span style=\"font-family: Arial, sans-serif\">Wir von borderline-europe leisten seit 2007 zivilen Widerstand gegen die europ\u00e4ische Migrations- und Grenzpolitik. Die Tatsache, dass Menschen auf der Flucht sterben, ist mittlerweile allgemein bekannt. Dass dies jedoch direkte Folge der europ\u00e4ischen Migrationspolitik ist und somit vermeidbar w\u00e4re, wird kaum thematisiert. Die Vielzahl von restriktiven Ma\u00dfnahmen, mit welchen die europ\u00e4ischen Staaten sich abzuschotten versuchen, bezeichnen wir als EU-Grenzregime. Der Einfluss dieses Regimes erstreckt sich nicht nur auf das Innere der EU, sondern wirkt auch weit \u00fcber die europ\u00e4ischen Au\u00dfengrenzen hinaus und t\u00f6tet immer mehr Menschen, die auf der Suche nach einem menschenw\u00fcrdigen Leben sind. Sie fliehen vor der Zerst\u00f6rung ihrer Lebensgrundlagen durch Kriege, Umweltkatastrophen, ungerechte Wirtschafts- und Handelsbedingungen. Sie fliehen vor den gewaltt\u00e4tigen und diskriminierenden gesellschaftlichen Verh\u00e4ltnissen in ihren Herkunftsl\u00e4ndern, die oft eine direkte Folge des Kolonialismus sind. Die pers\u00f6nlichen Gr\u00fcnde sich auf diese Reise zu begeben sind vielf\u00e4ltig und es liegt nicht an uns dar\u00fcber zu entscheiden, wer menschenw\u00fcrdig leben, arbeiten und reisen darf. Daher halten wir es f\u00fcr notwendig, gleiche Rechte f\u00fcr alle Menschen durchzusetzen.<\/span><\/p>\n<p align=\"justify\"><span style=\"font-family: Arial, sans-serif\">Die derzeitige europ\u00e4ische Migrations- und Grenzpolitik, welche mit der Gr\u00fcndung der europ\u00e4ischen Au\u00dfengrenzschutzagentur FRONTEX 2005 eine neue Dimension erreichte, steht diesem Verst\u00e4ndnis entgegen. Vor den K\u00fcsten der EU-Staaten Malta, Spanien, Zypern, Griechenland und Italien, und vor den K\u00fcsten Libyens, der T\u00fcrkei und Tunesiens versuchen europ\u00e4ische Milit\u00e4rs, zum Teil gemeinsam mit dem Milit\u00e4r der Herkunftsl\u00e4nder der Fl\u00fcchtenden, die \u00dcberfahrten zu verhindern und zu kriminalisieren. Menschen auf der Flucht sind jedoch zur irregul\u00e4ren Einreise \u00fcber See gezwungen, weil es f\u00fcr sie schlicht keine legalen Einreisewege gibt. Damit haben viele von ihnen keine Chance, sich frei zu bewegen, was f\u00fcr Europ\u00e4er*innen eine Selbstverst\u00e4ndlichkeit ist.<\/span><\/p>\n<p align=\"justify\"><span style=\"font-family: Arial, sans-serif\">Die derzeitigen, sogenannten Migrationspartnerschaften mit z.B. afrikanischen Staaten und der T\u00fcrkei stellen nun einen weiteren Schritt zur Vervollst\u00e4ndigung der europ\u00e4ischen Abschottungspolitik dar. Durch Migrationspartnerschaften werden Milliardenbetr\u00e4ge in Militarisierung, Technologisierung und die materielle Errichtung von Grenzen, Datenerhebung und Biometrisierung in L\u00e4ndern au\u00dferhalb Europas investiert. Mit der Aufhebung des Schengener Abkommens und dem Ausbau von Grenzkontrollen, mit Z\u00e4unen und Abschiebungen, werden auch im Inneren Europas die Grenzen wiederaufgebaut. Der Versuch, Migrationsbewegungen international zu kontrollieren und aufzuhalten f\u00fchrt zu Menschenhandel, Vergewaltigungen, Zwangsarbeit, Folter und Tod.<\/span><\/p>\n<p align=\"justify\"><span style=\"font-family: Arial, sans-serif\">Migration ist kein Verbrechen, wird jedoch in der \u00f6ffentlichen Diskussion immer wieder als Bedrohung thematisiert. Zunehmend erleben wir ein politisches Klima, in welchem rassistische und diskriminierende Haltungen immer offener artikuliert werden und an gesellschaftlicher und politischer Zustimmung gewinnen.<\/span><\/p>\n<p align=\"justify\"><strong><span style=\"font-family: Arial, sans-serif\">Was wir tun<\/span><\/strong><\/p>\n<p align=\"justify\"><span style=\"font-family: Arial, sans-serif\">borderline-europe ist ein Verein mit Sitz in Berlin, Palermo und auf Lesbos. Einige von uns arbeiten hauptamtlich, andere ehrenamtlich. Wir alle haben unterschiedliche Erfahrungen und Expertisen und vereinen diese in unserer Arbeit. borderline-europe lebt von der Initiative, dem Austausch und dem Mitmachen aller. Unsere Arbeit ist vielf\u00e4ltig.<\/span><\/p>\n<ul>\n<li><span style=\"font-family: Arial, sans-serif\">Wir recherchieren und produzieren umfassende und zuverl\u00e4ssige Dokumentationen zu den Vorg\u00e4ngen in den Grenzregionen <\/span><\/li>\n<li><span style=\"font-family: Arial, sans-serif\">Wir arbeiten in transnationalen Netzwerken, bringen verschiedene Akteur*innen zusammen und unterst\u00fctzen zivilgesellschaftliche und aktivistische Kooperationen <\/span><\/li>\n<li><span style=\"font-family: Arial, sans-serif\">Wir engagieren uns in direkten humanit\u00e4ren Interventionen <\/span><\/li>\n<li><span style=\"font-family: Arial, sans-serif\">Wir organisieren und unterst\u00fctzen Proteste, Veranstaltungen und Aktionen in lokalen und transnationalen Kontexten <\/span><\/li>\n<li><span style=\"font-family: Arial, sans-serif\">Wir informieren Online auf unserer Webseite und den sozialen Medien \u00fcber aktuelle Entwicklungen der EU Migrationspolitik <\/span><\/li>\n<\/ul>\n<p align=\"justify\"><span style=\"font-family: Arial, sans-serif\">Unser Ziel hierbei ist die immer komplexer werdende Migrationspolitik und ihre Auswirkungen f\u00fcr eine breite \u00d6ffentlichkeit aufzubereiten. Wir wollen ein aktives, politisches und kritisches Bewusstsein schaffen, welches den rassistischen Strukturen und den t\u00f6dlichen Konsequenzen der Abschottungspolitik entgegenwirken kann. Gegen\u00fcber der Gleichg\u00fcltigkeit von Politik und Gesellschaft setzen wir ein Zeichen der Solidarit\u00e4t,\u00a0 denn menschenw\u00fcrdige L\u00f6sungen lassen sich nur finden, wenn wir auch den Mut haben, uns der Realit\u00e4t zu stellen.<\/span><\/p>\n<p align=\"justify\">Homepage <a href=\"https:\/\/www.borderline-europe.de\/\" target=\"_blank\" rel=\"noopener noreferrer\">boderline-europe<\/a><\/p>\n","protected":false},"excerpt":{"rendered":"<p>Wir von borderline-europe leisten seit 2007 zivilen Widerstand gegen die europ\u00e4ische Migrations- und Grenzpolitik. Die Tatsache, dass Menschen auf der Flucht sterben, ist mittlerweile allgemein bekannt. Dass dies jedoch direkte Folge der europ\u00e4ischen Migrationspolitik ist und somit vermeidbar w\u00e4re, wird &hellip; <a href=\"https:\/\/equalhealth4all.noblogs.org\/de\/borderline-europe\/\">Weiterlesen <span class=\"meta-nav\">&rarr;<\/span><\/a><\/p>\n","protected":false},"author":15197,"featured_media":0,"parent":0,"menu_order":0,"comment_status":"closed","ping_status":"closed","template":"","meta":{"_locale":"de_DE","_original_post":"http:\/\/equalhealth4all.noblogs.org\/?page_id=1811","footnotes":""},"class_list":["post-1811","page","type-page","status-publish","hentry","de-DE"],"_links":{"self":[{"href":"https:\/\/equalhealth4all.noblogs.org\/wp-json\/wp\/v2\/pages\/1811","targetHints":{"allow":["GET"]}}],"collection":[{"href":"https:\/\/equalhealth4all.noblogs.org\/wp-json\/wp\/v2\/pages"}],"about":[{"href":"https:\/\/equalhealth4all.noblogs.org\/wp-json\/wp\/v2\/types\/page"}],"author":[{"embeddable":true,"href":"https:\/\/equalhealth4all.noblogs.org\/wp-json\/wp\/v2\/users\/15197"}],"replies":[{"embeddable":true,"href":"https:\/\/equalhealth4all.noblogs.org\/wp-json\/wp\/v2\/comments?post=1811"}],"version-history":[{"count":2,"href":"https:\/\/equalhealth4all.noblogs.org\/wp-json\/wp\/v2\/pages\/1811\/revisions"}],"predecessor-version":[{"id":1994,"href":"https:\/\/equalhealth4all.noblogs.org\/wp-json\/wp\/v2\/pages\/1811\/revisions\/1994"}],"wp:attachment":[{"href":"https:\/\/equalhealth4all.noblogs.org\/wp-json\/wp\/v2\/media?parent=1811"}],"curies":[{"name":"wp","href":"https:\/\/api.w.org\/{rel}","templated":true}]}}