{"id":2004,"date":"2020-11-18T20:46:59","date_gmt":"2020-11-18T19:46:59","guid":{"rendered":"http:\/\/equalhealth4all.noblogs.org\/?page_id=2004"},"modified":"2020-11-18T20:46:59","modified_gmt":"2020-11-18T19:46:59","slug":"ppt-london-steering-group-uk","status":"publish","type":"page","link":"https:\/\/equalhealth4all.noblogs.org\/de\/ppt-london-steering-group-uk\/","title":{"rendered":"PPT London Steering Group (UK)"},"content":{"rendered":"<p align=\"justify\"><span style=\"font-family: Arial, sans-serif\">Die Lenkungsgruppe ist aus den 50 Organisationen hervorgegangen, die das Londoner Hearing 2018 unterst\u00fctzt haben.<\/span><\/p>\n<p align=\"justify\"><span style=\"font-family: Arial, sans-serif\">Es handelt sich um ein Ad-hoc-Gremium, und wir begr\u00fc\u00dfen die Beteiligung von Gruppen und Organisationen, die sich f\u00fcr die Rechte von Migrant*innen und Gefl\u00fcchteten einsetzen, an unserer Arbeit. Neben den Migrant*innenenorganisationen suchen wir auch die Unterst\u00fctzung von Menschenrechtsgruppen, Gewerkschaften und Gemeindeorganisationen, die sich im Kampf gegen Rassismus und die Marginalisierung von Migrant*innenen engagieren.<\/span><\/p>\n<p>Homepage <a href=\"https:\/\/www.migranttribunal.org\/\" target=\"_blank\" rel=\"noopener noreferrer\">PPT London Steering Group<\/a><\/p>\n","protected":false},"excerpt":{"rendered":"<p>Die Lenkungsgruppe ist aus den 50 Organisationen hervorgegangen, die das Londoner Hearing 2018 unterst\u00fctzt haben. Es handelt sich um ein Ad-hoc-Gremium, und wir begr\u00fc\u00dfen die Beteiligung von Gruppen und Organisationen, die sich f\u00fcr die Rechte von Migrant*innen und Gefl\u00fcchteten einsetzen, &hellip; <a href=\"https:\/\/equalhealth4all.noblogs.org\/de\/ppt-london-steering-group-uk\/\">Weiterlesen <span class=\"meta-nav\">&rarr;<\/span><\/a><\/p>\n","protected":false},"author":15197,"featured_media":0,"parent":0,"menu_order":0,"comment_status":"closed","ping_status":"closed","template":"","meta":{"_locale":"de_DE","_original_post":"http:\/\/equalhealth4all.noblogs.org\/?page_id=2004","footnotes":""},"class_list":["post-2004","page","type-page","status-publish","hentry","de-DE"],"_links":{"self":[{"href":"https:\/\/equalhealth4all.noblogs.org\/wp-json\/wp\/v2\/pages\/2004","targetHints":{"allow":["GET"]}}],"collection":[{"href":"https:\/\/equalhealth4all.noblogs.org\/wp-json\/wp\/v2\/pages"}],"about":[{"href":"https:\/\/equalhealth4all.noblogs.org\/wp-json\/wp\/v2\/types\/page"}],"author":[{"embeddable":true,"href":"https:\/\/equalhealth4all.noblogs.org\/wp-json\/wp\/v2\/users\/15197"}],"replies":[{"embeddable":true,"href":"https:\/\/equalhealth4all.noblogs.org\/wp-json\/wp\/v2\/comments?post=2004"}],"version-history":[{"count":2,"href":"https:\/\/equalhealth4all.noblogs.org\/wp-json\/wp\/v2\/pages\/2004\/revisions"}],"predecessor-version":[{"id":2007,"href":"https:\/\/equalhealth4all.noblogs.org\/wp-json\/wp\/v2\/pages\/2004\/revisions\/2007"}],"wp:attachment":[{"href":"https:\/\/equalhealth4all.noblogs.org\/wp-json\/wp\/v2\/media?parent=2004"}],"curies":[{"name":"wp","href":"https:\/\/api.w.org\/{rel}","templated":true}]}}