{"id":2011,"date":"2020-11-18T21:14:53","date_gmt":"2020-11-18T20:14:53","guid":{"rendered":"http:\/\/equalhealth4all.noblogs.org\/?page_id=2011"},"modified":"2020-11-18T21:15:01","modified_gmt":"2020-11-18T20:15:01","slug":"arbeitslosenhilfe-oldenburg-e-v-ger","status":"publish","type":"page","link":"https:\/\/equalhealth4all.noblogs.org\/de\/arbeitslosenhilfe-oldenburg-e-v-ger\/","title":{"rendered":"Arbeitslosenhilfe Oldenburg e.V. (GER)"},"content":{"rendered":"<p class=\"western\"><span lang=\"en-GB\"><b>Arbeitslosenhilfe Oldenburg e.V. (ALSO)<\/b><\/span><\/p>\n<p align=\"justify\"><span style=\"font-family: Arial, sans-serif\">Wer Sozialleistungen in Anspruch nehmen muss, f\u00fchlt sich angesichts komplizierter Gesetze, b\u00fcrokratischer Hindernisse oder gar drohender Sanktionen oft hilflos. Die Arbeitslosenselbsthilfe Oldenburg (ALSO) bietet seit 1982 kostenlose und unabh\u00e4ngige Hilfe im Umgang mit einem Sozialsystem, das allzu oft nicht gegen Armut, sondern gegen die Armen k\u00e4mpft. Neben der Sozialberatung f\u00fcr Arbeitslose und Menschen mit geringem Einkommen bieten wir im Landkreis Oldenburg seit 2020 auch eine mehrsprachige Migrationsberatung an. Wir sind der Meinung, dass Armut und Arbeitslosigkeit kein Tabuthema sein darf, mit dem jeder f\u00fcr sich allein fertig werden muss. Auch bei ALSO spiegelt sich diese \u00dcberzeugung in unseren Beratungssituationen wider. Wenn n\u00f6tig, begleiten wir Menschen zu ihren Treffen in den Landes\u00e4mtern, um berechtigte Anspr\u00fcche geltend zu machen. ALSO setzt sich auch politisch daf\u00fcr ein, die Lebensbedingungen von armen und arbeitslosen Menschen zu verbessern. Dazu geh\u00f6rt nicht nur, die Menschen \u00fcber ihre Rechte zu informieren oder mehr Geld zu fordern, sondern auch die Stigmatisierung der Armut zu bek\u00e4mpfen. Wir setzen uns auch gegen die Ausbeutung von Menschen, Tieren und der Umwelt sowie gegen Rassismus und Ausgrenzung ein. Wir vernetzen uns mit Gleichgesinnten, um Forderungen zu stellen und f\u00fcr unsere Anliegen zu sensibilisieren. Auch das wird weitgehend durch Spenden finanziert. Bis auf einige wenige Mitarbeitende sind bei ALSO haupts\u00e4chlich Freiwillige t\u00e4tig. Wir freuen uns \u00fcber weitere Freiwillige und auch Praktikant*innen, die bei politischen Aktionen oder im Beratungsalltag mithelfen m\u00f6chten.<\/span><\/p>\n<p align=\"justify\">Homepage <a href=\"https:\/\/www.also-zentrum.de\/\" target=\"_blank\" rel=\"noopener noreferrer\">ALSO<\/a><\/p>\n","protected":false},"excerpt":{"rendered":"<p>Arbeitslosenhilfe Oldenburg e.V. (ALSO) Wer Sozialleistungen in Anspruch nehmen muss, f\u00fchlt sich angesichts komplizierter Gesetze, b\u00fcrokratischer Hindernisse oder gar drohender Sanktionen oft hilflos. Die Arbeitslosenselbsthilfe Oldenburg (ALSO) bietet seit 1982 kostenlose und unabh\u00e4ngige Hilfe im Umgang mit einem Sozialsystem, das &hellip; <a href=\"https:\/\/equalhealth4all.noblogs.org\/de\/arbeitslosenhilfe-oldenburg-e-v-ger\/\">Weiterlesen <span class=\"meta-nav\">&rarr;<\/span><\/a><\/p>\n","protected":false},"author":15197,"featured_media":0,"parent":0,"menu_order":0,"comment_status":"closed","ping_status":"closed","template":"","meta":{"_locale":"de_DE","_original_post":"http:\/\/equalhealth4all.noblogs.org\/?page_id=2011","footnotes":""},"class_list":["post-2011","page","type-page","status-publish","hentry","de-DE"],"_links":{"self":[{"href":"https:\/\/equalhealth4all.noblogs.org\/wp-json\/wp\/v2\/pages\/2011","targetHints":{"allow":["GET"]}}],"collection":[{"href":"https:\/\/equalhealth4all.noblogs.org\/wp-json\/wp\/v2\/pages"}],"about":[{"href":"https:\/\/equalhealth4all.noblogs.org\/wp-json\/wp\/v2\/types\/page"}],"author":[{"embeddable":true,"href":"https:\/\/equalhealth4all.noblogs.org\/wp-json\/wp\/v2\/users\/15197"}],"replies":[{"embeddable":true,"href":"https:\/\/equalhealth4all.noblogs.org\/wp-json\/wp\/v2\/comments?post=2011"}],"version-history":[{"count":4,"href":"https:\/\/equalhealth4all.noblogs.org\/wp-json\/wp\/v2\/pages\/2011\/revisions"}],"predecessor-version":[{"id":2016,"href":"https:\/\/equalhealth4all.noblogs.org\/wp-json\/wp\/v2\/pages\/2011\/revisions\/2016"}],"wp:attachment":[{"href":"https:\/\/equalhealth4all.noblogs.org\/wp-json\/wp\/v2\/media?parent=2011"}],"curies":[{"name":"wp","href":"https:\/\/api.w.org\/{rel}","templated":true}]}}