{"id":208,"date":"2020-06-15T13:58:29","date_gmt":"2020-06-15T11:58:29","guid":{"rendered":"https:\/\/equalhealth4all.noblogs.org\/?page_id=208"},"modified":"2020-11-23T13:38:09","modified_gmt":"2020-11-23T12:38:09","slug":"ueberuns","status":"publish","type":"page","link":"https:\/\/equalhealth4all.noblogs.org\/de\/ueberuns\/","title":{"rendered":"\u00dcber uns"},"content":{"rendered":"<h2><\/h2>\n<p><iframe loading=\"lazy\" title=\"Health is a Human Right! - The Permanent Peoples&#039; Tribunal in Berlin on migrant &amp; refugee rights\" width=\"640\" height=\"360\" src=\"https:\/\/www.youtube.com\/embed\/e95Uf_ZSyTI?feature=oembed\" frameborder=\"0\" allow=\"accelerometer; autoplay; clipboard-write; encrypted-media; gyroscope; picture-in-picture; web-share\" referrerpolicy=\"strict-origin-when-cross-origin\" allowfullscreen><\/iframe><\/p>\n<h2>HINTERGRUND<\/h2>\n<p>Unser B\u00fcndnis besteht aus verschiedenen Menschenrechts- und Gesundheitsorganisationen, Migrantenselbstorganisationen und Aktivist*innen. Zusammen mit der <a href=\"https:\/\/ppt.transnationalmigrantplatform.net\/temporary-for-home-later-title-introduction-45th-session-ppt\/\" target=\"_blank\" rel=\"noopener noreferrer\">Transnational Migrant Platform Europe<\/a> organisieren wir die Berliner Anh\u00f6rung des st\u00e4ndigen Menschengerichtshofs (Migrant Permanent Peoples&#8216; Tribunal) f\u00fcr Migrant*innen und Gefl\u00fcchtete zum Recht auf Gesundheit. Das Migrant PPT ist die 45. Sitzung der Tribunalreihe <a href=\"http:\/\/permanentpeoplestribunal.org\/mandate-and-functions\/?lang=en\" target=\"_blank\" rel=\"noopener noreferrer\">Permanent Peoples&#8216; Tribunal<\/a>.<\/p>\n<p>Unser \u00fcbergeordnete Ziel besteht darin, die Rolle von Migrant*innen und Gefl\u00fcchteten als Protagonist*innen und soziale Akteure zu st\u00e4rken. Sie sind ein zentraler Bestandteil der Vorbereitung des Tribunals. Als Zeug*innen benennen sie die erfahrenen Menschenrechtsverletzungen. Zudem arbeiten wir an Vorschl\u00e4gen, wie das Recht auf Gesundheit in Zukunft frei von Rassismus umgesetzt werden kann.<\/p>\n<p>Das Migrant PPT zielt auch darauf ab, Migrant*innen- und Gefl\u00fcchtetenbewegungen dabei zu unterst\u00fctzen, neue Allianzen mit anderen sozialen Bewegungen, sowie mit der Forschung, der Wissenschaft und anderen verwandten Sektoren zu entwickeln.<\/p>\n<p>&nbsp;<\/p>\n<p><img loading=\"lazy\" decoding=\"async\" class=\"size-medium wp-image-212\" src=\"https:\/\/equalhealth4all.noblogs.org\/files\/2020\/06\/Bild-Blog-300x290.jpg\" alt=\"\" width=\"300\" height=\"290\" srcset=\"https:\/\/equalhealth4all.noblogs.org\/files\/2020\/06\/Bild-Blog-300x290.jpg 300w, https:\/\/equalhealth4all.noblogs.org\/files\/2020\/06\/Bild-Blog-1024x988.jpg 1024w, https:\/\/equalhealth4all.noblogs.org\/files\/2020\/06\/Bild-Blog-768x741.jpg 768w, https:\/\/equalhealth4all.noblogs.org\/files\/2020\/06\/Bild-Blog-1536x1482.jpg 1536w, https:\/\/equalhealth4all.noblogs.org\/files\/2020\/06\/Bild-Blog-2048x1977.jpg 2048w\" sizes=\"auto, (max-width: 300px) 100vw, 300px\" \/><\/p>\n<hr \/>\n<h2>UNSERE MISSION<\/h2>\n<p>Unser B\u00fcndnis setzt sich f\u00fcr eine antirassistische, soziale und klimagerechte Gesellschaft ein.<\/p>\n<p>Durch unser von Rassismus gepr\u00e4gtes System ist der Zugang zum Gesundheitssystem f\u00fcr Gefl\u00fcchtete stark limitiert, ohne regul\u00e4re Papiere ist er quasi unm\u00f6glich. Die Unterbringung in Lagern beeintr\u00e4chtigt die physischen und mentale Gesundheit der unfreiwilligen Bewohner*innen. Nicht einmal vor Abschiebungen von vulnerablen Personen wird zur\u00fcckgeschreckt. Gleichzeitig wird das europ\u00e4ische Grenzregime immer weiter ausgebaut, Mauern hochgezogen und Solidarit\u00e4t quer durch Europa kriminalisiert.<\/p>\n<p>W\u00e4hrend der Corona-Krise versch\u00e4rften sich diese Situationen noch einmal drastisch: Die Angst und das Risiko durch eine m\u00f6gliche Erkrankung an Covid-19 hat ohne Krankenversicherung oder g\u00fcltige Aufenthaltspapiere weitreichende Auswirkungen. Allgemein g\u00fcltige Ma\u00dfnahmen zum Schutz vor dem Virus, wie Abstand halten und H\u00e4nde waschen, sind in \u00fcberf\u00fcllten Lagern mit geteilten K\u00fcchen und Waschr\u00e4umen schlicht nicht m\u00f6glich. Das Ansteckungsrisiko ist in Massenunterk\u00fcnften um ein Vielfaches h\u00f6her als in privaten Wohnungen. Und w\u00e4hrend Abschiebungen w\u00e4hrend des sogenannten &#8222;Lock-Downs&#8220; zwar aussetzten, wurden Gefl\u00fcchtete trotzdem auch ohne jeden Grund weiterhin in Abschiebehaft gefangen gehalten. Seit dem 15.06.2020 finden wieder Abschiebungen durch das BAMF (Bundesamt f\u00fcr Migration und Fl\u00fcchtlinge) statt. In den Zielstaaten sind die abgeschobenen Personen mitunter nicht nur mit Krieg und Verfolgung konfrontiert, sondern vor allem auch mit schwach ausgebauten Gesundheitssystemen und \u00d6konomien, die schwer von der Krise gesch\u00e4digt sind.<br \/>\nSolidarit\u00e4t aus der Zivilbev\u00f6lkerung mit Gefl\u00fcchteten ist der Gefahr ausgesetzt, kriminalisiert zu werden, wie in Brandenburg, wo verschiedene Gruppen von der Polizei daran gehindert wurden, Bewohner*innen in einer quarant\u00e4nierten Sammelunterkunft zu unterst\u00fctzen. Auch die zivile Seenotrettung wird blockiert &#8211; durch Verbote zur Hafeneinfahrt oder neuerdings auch durch Gesetzes\u00e4nderungen, die auch durch den Deutschen Staat mit verabschiedet wurden.<\/p>\n<p>Wir kritisieren diese Verletzungen der Rechte von Gefl\u00fcchteten und Migrant*innen.<br \/>\nAls B\u00fcndnis aus verschiedenen Menschenrechts- und Gesundheitsorganisationen, Migrantische Selbstorganisationen und Einzelpersonen veranstalten wir zusammen mit der Transnational Migrant Platform und die 45. Sitzung des Permanent Peoples&#8216; Tribunal zum Recht auf Gesundheit.<\/p>\n<p><em>Denn Menschenrechte sind unteilbar!<\/em><\/p>\n<p>&nbsp;<\/p>\n<h3>Wir klagen Menschenrechtsverletzungen in den folgenden Bereichen an:<\/h3>\n<p>* Zugang zur Gesundheitsversorgung<\/p>\n<p>* Auswirkungen der Lebensverh\u00e4ltnisse in Massenunterk\u00fcnften auf die psychische und physische Gesundheit<\/p>\n<p>* Aufenthaltsstatus, Abschiebung und Gesundheit<\/p>\n<p>* Kriminalisierung von Solidarit\u00e4t<\/p>\n<p>* Deutschlands Verantwortung in der EU-Abschottungspolitik<\/p>\n<p>&nbsp;<\/p>\n<h3>Stattdessen fordern wir:<\/h3>\n<p>* Freien Zugang zu Gesundheitsversorgung f\u00fcr alle \u2013 ohne Rassismus!<\/p>\n<p>* Abschaffung aller Lager und dezentrale Unterbringung von Gefl\u00fcchteten!<\/p>\n<p>* Keine Abschiebungen! Und schon gar nicht von traumatisierten, kranken, schwangeren oder anderen besonders verletzlichen Personen!<\/p>\n<p>* Ein Ende der Kriminalisierung von Solidarit\u00e4t mit Migrant*innen und Gefl\u00fcchteten!<\/p>\n<p>&nbsp;<\/p>\n<p><em>Gesundheit ist ein Menschenrecht!<\/em><\/p>\n<p>&nbsp;<\/p>\n<p>Erfahre mehr \u00fcber das Permanent Peoples\u2018 Tribunal und das Recht auf Gesundheit in den Episoden unseres Podcasts \u201e<a href=\"https:\/\/open.spotify.com\/show\/0xxu5dEIIjr0IUc9qCLIPb\" target=\"_blank\" rel=\"noopener noreferrer\">Health is a Human Right<\/a>\u201c<\/p>\n<p><img loading=\"lazy\" decoding=\"async\" class=\"alignnone size-full wp-image-1135\" src=\"https:\/\/equalhealth4all.noblogs.org\/files\/2020\/10\/Blogbanner-Podcast.png\" alt=\"\" width=\"2240\" height=\"1260\" srcset=\"https:\/\/equalhealth4all.noblogs.org\/files\/2020\/10\/Blogbanner-Podcast.png 2240w, https:\/\/equalhealth4all.noblogs.org\/files\/2020\/10\/Blogbanner-Podcast-300x169.png 300w, https:\/\/equalhealth4all.noblogs.org\/files\/2020\/10\/Blogbanner-Podcast-1024x576.png 1024w, https:\/\/equalhealth4all.noblogs.org\/files\/2020\/10\/Blogbanner-Podcast-768x432.png 768w, https:\/\/equalhealth4all.noblogs.org\/files\/2020\/10\/Blogbanner-Podcast-1536x864.png 1536w, https:\/\/equalhealth4all.noblogs.org\/files\/2020\/10\/Blogbanner-Podcast-2048x1152.png 2048w\" sizes=\"auto, (max-width: 2240px) 100vw, 2240px\" \/><\/p>\n<p><u>Episode 1<\/u>: &#8222;Why health is a human right and how it is violated on a systematic basis&#8220; &#8211; mit <a href=\"https:\/\/www.tni.org\/en\" target=\"_blank\" rel=\"noopener noreferrer\">Transnational Institue<\/a><\/p>\n<audio class=\"wp-audio-shortcode\" id=\"audio-208-1\" preload=\"none\" style=\"width: 100%;\" controls=\"controls\"><source type=\"audio\/mpeg\" src=\"https:\/\/equalhealth4all.noblogs.org\/files\/2020\/10\/episode1_low.mp3?_=1\" \/><a href=\"https:\/\/equalhealth4all.noblogs.org\/files\/2020\/10\/episode1_low.mp3\">https:\/\/equalhealth4all.noblogs.org\/files\/2020\/10\/episode1_low.mp3<\/a><\/audio>\n<p>&nbsp;<\/p>\n<p><u>Episo<\/u><u>de 2<\/u>: &#8222;F\u00fcr das Recht auf Gesundheitsversorgung aller Migrant*innen!&#8220; &#8211; mit <a href=\"https:\/\/medibuero.de\/\" target=\"_blank\" rel=\"noopener noreferrer\">Medib\u00fcro Berlin<\/a><\/p>\n<audio class=\"wp-audio-shortcode\" id=\"audio-208-2\" preload=\"none\" style=\"width: 100%;\" controls=\"controls\"><source type=\"audio\/mpeg\" src=\"https:\/\/equalhealth4all.noblogs.org\/files\/2020\/10\/episode-2.mp3?_=2\" \/><a href=\"https:\/\/equalhealth4all.noblogs.org\/files\/2020\/10\/episode-2.mp3\">https:\/\/equalhealth4all.noblogs.org\/files\/2020\/10\/episode-2.mp3<\/a><\/audio>\n<p>&nbsp;<\/p>\n<p align=\"justify\"><span style=\"font-family: Arial, sans-serif\"><span style=\"font-size: medium\"><u>Episode 3<\/u>: &#8222;The Simplicity of Complicity \u2013 About Smuggling, Human Trafficking and EU Border Politics&#8220; &#8211; mit <a href=\"https:\/\/www.love146.org.uk\/\" target=\"_blank\" rel=\"noopener noreferrer\">Love146<\/a><br \/>\n<\/span><\/span><\/p>\n<audio class=\"wp-audio-shortcode\" id=\"audio-208-3\" preload=\"none\" style=\"width: 100%;\" controls=\"controls\"><source type=\"audio\/mpeg\" src=\"https:\/\/equalhealth4all.noblogs.org\/files\/2020\/10\/episode3_mixed.mp3?_=3\" \/><a href=\"https:\/\/equalhealth4all.noblogs.org\/files\/2020\/10\/episode3_mixed.mp3\">https:\/\/equalhealth4all.noblogs.org\/files\/2020\/10\/episode3_mixed.mp3<\/a><\/audio>\n<p>&nbsp;<\/p>\n<p align=\"justify\"><span style=\"font-family: Arial, sans-serif\"><span style=\"font-size: medium\"><span lang=\"de-DE\"><u>Episode 4:<\/u><\/span> &#8222;<span lang=\"de-DE\">Warum das EU-Grenzregime krank macht &amp; wie Migration und Solidarit\u00e4t kriminalisiert werden&#8220; &#8211; mit <a href=\"https:\/\/www.borderline-europe.de\/\" target=\"_blank\" rel=\"noopener noreferrer\">borderline-europe e.V.<\/a> <\/span><\/span><\/span><\/p>\n<audio class=\"wp-audio-shortcode\" id=\"audio-208-4\" preload=\"none\" style=\"width: 100%;\" controls=\"controls\"><source type=\"audio\/mpeg\" src=\"https:\/\/equalhealth4all.noblogs.org\/files\/2020\/11\/borderlineeurope_mixed.mp3?_=4\" \/><a href=\"https:\/\/equalhealth4all.noblogs.org\/files\/2020\/11\/borderlineeurope_mixed.mp3\">https:\/\/equalhealth4all.noblogs.org\/files\/2020\/11\/borderlineeurope_mixed.mp3<\/a><\/audio>\n","protected":false},"excerpt":{"rendered":"<p>HINTERGRUND Unser B\u00fcndnis besteht aus verschiedenen Menschenrechts- und Gesundheitsorganisationen, Migrantenselbstorganisationen und Aktivist*innen. Zusammen mit der Transnational Migrant Platform Europe organisieren wir die Berliner Anh\u00f6rung des st\u00e4ndigen Menschengerichtshofs (Migrant Permanent Peoples&#8216; Tribunal) f\u00fcr Migrant*innen und Gefl\u00fcchtete zum Recht auf Gesundheit. Das &hellip; <a href=\"https:\/\/equalhealth4all.noblogs.org\/de\/ueberuns\/\">Weiterlesen <span class=\"meta-nav\">&rarr;<\/span><\/a><\/p>\n","protected":false},"author":15197,"featured_media":0,"parent":0,"menu_order":2,"comment_status":"closed","ping_status":"open","template":"","meta":{"_locale":"de_DE","_original_post":"2","footnotes":""},"class_list":["post-208","page","type-page","status-publish","hentry","de-DE"],"_links":{"self":[{"href":"https:\/\/equalhealth4all.noblogs.org\/wp-json\/wp\/v2\/pages\/208","targetHints":{"allow":["GET"]}}],"collection":[{"href":"https:\/\/equalhealth4all.noblogs.org\/wp-json\/wp\/v2\/pages"}],"about":[{"href":"https:\/\/equalhealth4all.noblogs.org\/wp-json\/wp\/v2\/types\/page"}],"author":[{"embeddable":true,"href":"https:\/\/equalhealth4all.noblogs.org\/wp-json\/wp\/v2\/users\/15197"}],"replies":[{"embeddable":true,"href":"https:\/\/equalhealth4all.noblogs.org\/wp-json\/wp\/v2\/comments?post=208"}],"version-history":[{"count":15,"href":"https:\/\/equalhealth4all.noblogs.org\/wp-json\/wp\/v2\/pages\/208\/revisions"}],"predecessor-version":[{"id":2037,"href":"https:\/\/equalhealth4all.noblogs.org\/wp-json\/wp\/v2\/pages\/208\/revisions\/2037"}],"wp:attachment":[{"href":"https:\/\/equalhealth4all.noblogs.org\/wp-json\/wp\/v2\/media?parent=208"}],"curies":[{"name":"wp","href":"https:\/\/api.w.org\/{rel}","templated":true}]}}