{"id":335,"date":"2020-07-26T17:24:43","date_gmt":"2020-07-26T15:24:43","guid":{"rendered":"https:\/\/equalhealth4all.noblogs.org\/?page_id=335"},"modified":"2020-10-19T10:03:50","modified_gmt":"2020-10-19T08:03:50","slug":"kontakt","status":"publish","type":"page","link":"https:\/\/equalhealth4all.noblogs.org\/de\/kontakt\/","title":{"rendered":"Kontakt"},"content":{"rendered":"<p>&nbsp;<\/p>\n<p><img loading=\"lazy\" decoding=\"async\" class=\"wp-image-44 aligncenter\" src=\"https:\/\/equalhealth4all.noblogs.org\/files\/2020\/04\/RT3LvDzL_400x400-e1588088002460-241x300.jpg\" alt=\"\" width=\"77\" height=\"96\" srcset=\"https:\/\/equalhealth4all.noblogs.org\/files\/2020\/04\/RT3LvDzL_400x400-e1588088002460-241x300.jpg 241w, https:\/\/equalhealth4all.noblogs.org\/files\/2020\/04\/RT3LvDzL_400x400-e1588088002460.jpg 311w\" sizes=\"auto, (max-width: 77px) 100vw, 77px\" \/><\/p>\n<h3 style=\"text-align: center\"><strong>Kontaktiere uns!<\/strong><\/h3>\n<p>&nbsp;<\/p>\n<h2><\/h2>\n<h2 style=\"text-align: left\">Berliner Anh\u00f6rung:<\/h2>\n<p style=\"text-align: left\"><strong>B\u00fcndnis der Berliner Anh\u00f6rung<br \/>\n<\/strong><a href=\"https:\/\/equalhealth4all.noblogs.org\/\" target=\"_blank\" rel=\"noopener noreferrer\">Blog<\/a><br \/>\nEmail: <a href=\"mailto:ppt_berlin@riseup.net\" target=\"_blank\" rel=\"noopener noreferrer\">ppt_berlin<span class=\"\"><span class=\"\">[at]<\/span>riseup.net<\/span><\/a><\/p>\n<p style=\"text-align: left\">Facebook: <a href=\"https:\/\/www.facebook.com\/PPTberlin\" target=\"_blank\" rel=\"noopener noreferrer\">facebook.com\/PPTberlin<\/a><br \/>\nTwitter: <a href=\"https:\/\/twitter.com\/PPT_Berlin\" target=\"_blank\" rel=\"noopener noreferrer\"><span class=\"\"><span class=\"\"><span class=\"\"><span class=\"\"><span class=\"\">@PPT_berlin<\/span><\/span><\/span> <\/span><\/span><\/a><\/p>\n<hr \/>\n<h2 class=\"sow-headline\" style=\"text-align: right\">Co-Initiator*innen der 45. Sitzung des<br \/>\nst\u00e4ndigen Zivilgerichts:<\/h2>\n<p class=\"sow-headline\" style=\"text-align: right\"><strong>Transnational Migrant Platform Europe<\/strong><br \/>\n<a href=\"https:\/\/ppt.transnationalmigrantplatform.net\/temporary-for-home-later-title-introduction-45th-session-ppt\/\" target=\"_blank\" rel=\"noopener noreferrer\">Webseite<\/a><br \/>\nEmail: pptribunal_eu[at]<span class=\"\">r<\/span>iseup.net<\/p>\n<p style=\"text-align: right\">Twitter: <a href=\"https:\/\/twitter.com\/migrantppt?lang=de\" target=\"_blank\" rel=\"noopener noreferrer\">@MigrantPPT<\/a><br \/>\nFacebook: <a href=\"https:\/\/www.facebook.com\/MigrantPPT\/\" target=\"_blank\" rel=\"noopener noreferrer\">https:\/\/www.facebook.com\/MigrantPPT\/<\/a><\/p>\n<hr \/>\n<h2 style=\"text-align: left\">Initiator*innen des st\u00e4ndigen Zivilgerichts<\/h2>\n<p style=\"text-align: left\"><strong>Lelio Basso Foundation<\/strong><br \/>\n<a href=\"http:\/\/permanentpeoplestribunal.org\/mandate-and-functions\/?lang=en\" target=\"_blank\" rel=\"noopener noreferrer\">Webseite<\/a><br \/>\nEmail: ppt[at]permanentpeoplestribunal.org<br \/>\nTelefone and Fax: 06\/6879953<\/p>\n<p>&nbsp;<\/p>\n<p>&nbsp;<\/p>\n<p>&nbsp;<\/p>\n<hr \/>\n<h3>Impressum und Datenschutz<\/h3>\n<aside id=\"text-3\" class=\"widget widget_text\">\n<div class=\"textwidget\">\n<p><em>Stellvertretend f\u00fcr das B\u00fcndnis:<\/em><br \/>\nInternationale \u00c4rzte f\u00fcr die Verh\u00fctung des Atomkrieges\/<br \/>\n\u00c4rzte in sozialer Verantwortung e.V.<br \/>\nK\u00f6rtestr. 10<br \/>\n10967 Berlin<br \/>\nTel. 030 \/ 69 80 74 0<br \/>\nFax 030 \/ 69 38 16 6<br \/>\nAnsprechpartnerin:<br \/>\nSusanne Dyhr<\/p>\n<p>E-Mail: kontakt<span class=\"atwho-query\">[at]ippnw.de<\/span><br \/>\nInternet: www.ippnw.de<\/p>\n<\/div>\n<\/aside>\n<p>Privacy information\/Datenschutzerkl\u00e4rung: <a href=\"https:\/\/noblogs.org\/privacy\/\">https:\/\/noblogs.org\/privacy\/<\/a><\/p>\n","protected":false},"excerpt":{"rendered":"<p>&nbsp; Kontaktiere uns! &nbsp; Berliner Anh\u00f6rung: B\u00fcndnis der Berliner Anh\u00f6rung Blog Email: ppt_berlin[at]riseup.net Facebook: facebook.com\/PPTberlin Twitter: @PPT_berlin Co-Initiator*innen der 45. Sitzung des st\u00e4ndigen Zivilgerichts: Transnational Migrant Platform Europe Webseite Email: pptribunal_eu[at]riseup.net Twitter: @MigrantPPT Facebook: https:\/\/www.facebook.com\/MigrantPPT\/ Initiator*innen des st\u00e4ndigen Zivilgerichts Lelio &hellip; <a href=\"https:\/\/equalhealth4all.noblogs.org\/de\/kontakt\/\">Weiterlesen <span class=\"meta-nav\">&rarr;<\/span><\/a><\/p>\n","protected":false},"author":15197,"featured_media":0,"parent":0,"menu_order":0,"comment_status":"closed","ping_status":"closed","template":"","meta":{"_locale":"de_DE","_original_post":"87","footnotes":""},"class_list":["post-335","page","type-page","status-publish","hentry","de-DE"],"_links":{"self":[{"href":"https:\/\/equalhealth4all.noblogs.org\/wp-json\/wp\/v2\/pages\/335","targetHints":{"allow":["GET"]}}],"collection":[{"href":"https:\/\/equalhealth4all.noblogs.org\/wp-json\/wp\/v2\/pages"}],"about":[{"href":"https:\/\/equalhealth4all.noblogs.org\/wp-json\/wp\/v2\/types\/page"}],"author":[{"embeddable":true,"href":"https:\/\/equalhealth4all.noblogs.org\/wp-json\/wp\/v2\/users\/15197"}],"replies":[{"embeddable":true,"href":"https:\/\/equalhealth4all.noblogs.org\/wp-json\/wp\/v2\/comments?post=335"}],"version-history":[{"count":7,"href":"https:\/\/equalhealth4all.noblogs.org\/wp-json\/wp\/v2\/pages\/335\/revisions"}],"predecessor-version":[{"id":1395,"href":"https:\/\/equalhealth4all.noblogs.org\/wp-json\/wp\/v2\/pages\/335\/revisions\/1395"}],"wp:attachment":[{"href":"https:\/\/equalhealth4all.noblogs.org\/wp-json\/wp\/v2\/media?parent=335"}],"curies":[{"name":"wp","href":"https:\/\/api.w.org\/{rel}","templated":true}]}}