{"id":339,"date":"2020-07-26T17:34:23","date_gmt":"2020-07-26T15:34:23","guid":{"rendered":"https:\/\/equalhealth4all.noblogs.org\/?page_id=339"},"modified":"2020-10-27T14:37:57","modified_gmt":"2020-10-27T13:37:57","slug":"alliance","status":"publish","type":"page","link":"https:\/\/equalhealth4all.noblogs.org\/de\/alliance\/","title":{"rendered":"Allianz"},"content":{"rendered":"<p>Initiator*innen der 45. Sitzung des st\u00e4ndigen Zivilgerichts, dem Menschenrechtstribunal gegen die Verletzung der Rechte von Migrant*innen und Gefl\u00fcchteten<br \/>\n<a href=\"https:\/\/ppt.transnationalmigrantplatform.net\/\" target=\"_blank\" rel=\"noopener noreferrer\">Transnational Migrant Platform &#8211; Europe<\/a><\/p>\n<p>Co-Initiator*innen der Berliner Anh\u00f6rung der 45. Sitzung des st\u00e4ndigen Zivilgerichts:<br \/>\n<a href=\"https:\/\/www.aerztederwelt.org\/\" target=\"_blank\" rel=\"noopener noreferrer\">\u00c4rzte der Welt<\/a><br \/>\n<a href=\"https:\/\/www.baff-zentren.org\/\" target=\"_blank\" rel=\"noopener noreferrer\">BAfF, Bundesweite Arbeitsgemeinschaft der Psychosozialen Zentren f\u00fcr Fl\u00fcchtlinge und Folteropfer<\/a><br \/>\n<a href=\"https:\/\/www.ueberleben.org\/allgemein\/schutzbeduerftige-fluechtlinge-bns-iii\/\" target=\"_blank\" rel=\"noopener noreferrer\">BNS &#8211; Netzwerk f\u00fcr besonders Schutzbed\u00fcrftige<\/a><br \/>\n<a href=\"https:\/\/www.borderline-europe.de\/\" target=\"_blank\" rel=\"noopener noreferrer\">borderline-europe \u2013 Menschenrechte ohne Grenzen e.V.<\/a><br \/>\n<a href=\"https:\/\/corasol.site36.net\/\" target=\"_blank\" rel=\"noopener noreferrer\">Corasol<\/a><br \/>\n<a href=\"https:\/\/www.aidshilfe.de\/\" target=\"_blank\" rel=\"noopener noreferrer\">Deutsche Aidshilfe<\/a><br \/>\n<a href=\"https:\/\/www.fluechtlingsrat-bayern.de\/\" target=\"_blank\" rel=\"noopener noreferrer\">Fl\u00fcchtlingsrat Bayern<\/a><br \/>\n<a href=\"https:\/\/www.fluechtlingsrat-brandenburg.de\/\" target=\"_blank\" rel=\"noopener noreferrer\">Fl\u00fcchtlingsrat Brandenburg<\/a><br \/>\n<a href=\"https:\/\/ineumanity.noblogs.org\/\" target=\"_blank\" rel=\"noopener noreferrer\">InEUmanity<\/a><br \/>\n<a href=\"https:\/\/www.ippnw.de\/startseite.html\" target=\"_blank\" rel=\"noopener noreferrer\">IPPNW e.V.<\/a><br \/>\n<a href=\"https:\/\/www.kok-gegen-menschenhandel.de\/startseite\" target=\"_blank\" rel=\"noopener noreferrer\">KOK &#8211; Bundesweiter Koordinierungskreis gegen Menschenhandel e.V.<\/a><br \/>\n<a href=\"https:\/\/www.love146.org.uk\/\" target=\"_blank\" rel=\"noopener noreferrer\">Love146<\/a><br \/>\n<a href=\"https:\/\/medibuero.de\/\" target=\"_blank\" rel=\"noopener noreferrer\">Medib\u00fcro Berlin<\/a><br \/>\n<a href=\"https:\/\/www.medico.de\/\" target=\"_blank\" rel=\"noopener noreferrer\">Medico International<\/a><br \/>\n<a href=\"https:\/\/www.ak-asyl.info\/mfh\/\" target=\"_blank\" rel=\"noopener noreferrer\">MediNetz Bielefeld<\/a><br \/>\n<a href=\"http:\/\/www.medinetzmainz.de\/\" target=\"_blank\" rel=\"noopener noreferrer\">MediNetz Mainz<\/a><br \/>\n<a href=\"http:\/\/www.respectberlin.org\/wordpress\/\" target=\"_blank\" rel=\"noopener noreferrer\">Respect<\/a><br \/>\n<a href=\"https:\/\/www.vdaeae.de\/\" target=\"_blank\" rel=\"noopener noreferrer\">vd\u00e4\u00e4<\/a><br \/>\n<a href=\"http:\/\/yaarberlin.de\/\" target=\"_blank\" rel=\"noopener noreferrer\">Yaar e.V.<\/a><\/p>\n<p>Medienpartner:<br \/>\n&#8222;netzwerk medien.vielfalt!&#8220;<\/p>\n<p>Eine <strong>Liste der mitzeichnenden Organisationen<\/strong> und <strong>Einzelpersonen<\/strong> finden Sie <a href=\"https:\/\/equalhealth4all.noblogs.org\/files\/2020\/10\/AufrufzumMitunterzeichnen-1.pdf\" target=\"_blank\" rel=\"noopener noreferrer\">hier<\/a>.<\/p>\n<p><a href=\"https:\/\/equalhealth4all.noblogs.org\/files\/2020\/10\/Mitzeichnung1-1.jpg\" target=\"_blank\" rel=\"noopener noreferrer\"><img loading=\"lazy\" decoding=\"async\" class=\"alignnone wp-image-1825\" src=\"https:\/\/equalhealth4all.noblogs.org\/files\/2020\/10\/Mitzeichnung1-1.jpg\" alt=\"\" width=\"300\" height=\"424\" srcset=\"https:\/\/equalhealth4all.noblogs.org\/files\/2020\/10\/Mitzeichnung1-1.jpg 1587w, https:\/\/equalhealth4all.noblogs.org\/files\/2020\/10\/Mitzeichnung1-1-212x300.jpg 212w, https:\/\/equalhealth4all.noblogs.org\/files\/2020\/10\/Mitzeichnung1-1-724x1024.jpg 724w, https:\/\/equalhealth4all.noblogs.org\/files\/2020\/10\/Mitzeichnung1-1-768x1086.jpg 768w, https:\/\/equalhealth4all.noblogs.org\/files\/2020\/10\/Mitzeichnung1-1-1086x1536.jpg 1086w, https:\/\/equalhealth4all.noblogs.org\/files\/2020\/10\/Mitzeichnung1-1-1448x2048.jpg 1448w\" sizes=\"auto, (max-width: 300px) 100vw, 300px\" \/><\/a> \u00a0 <a href=\"https:\/\/equalhealth4all.noblogs.org\/files\/2020\/10\/Mitzeichnung2-1.jpg\" target=\"_blank\" rel=\"noopener noreferrer\"><img loading=\"lazy\" decoding=\"async\" class=\"alignnone wp-image-1826\" src=\"https:\/\/equalhealth4all.noblogs.org\/files\/2020\/10\/Mitzeichnung2-1.jpg\" alt=\"\" width=\"300\" height=\"424\" srcset=\"https:\/\/equalhealth4all.noblogs.org\/files\/2020\/10\/Mitzeichnung2-1.jpg 1587w, https:\/\/equalhealth4all.noblogs.org\/files\/2020\/10\/Mitzeichnung2-1-212x300.jpg 212w, https:\/\/equalhealth4all.noblogs.org\/files\/2020\/10\/Mitzeichnung2-1-724x1024.jpg 724w, https:\/\/equalhealth4all.noblogs.org\/files\/2020\/10\/Mitzeichnung2-1-768x1086.jpg 768w, https:\/\/equalhealth4all.noblogs.org\/files\/2020\/10\/Mitzeichnung2-1-1086x1536.jpg 1086w, https:\/\/equalhealth4all.noblogs.org\/files\/2020\/10\/Mitzeichnung2-1-1448x2048.jpg 1448w\" sizes=\"auto, (max-width: 300px) 100vw, 300px\" \/><\/a><\/p>\n<p>Mit Unterst\u00fctzung von:<\/p>\n<p><img loading=\"lazy\" decoding=\"async\" class=\"alignnone wp-image-1061\" src=\"https:\/\/equalhealth4all.noblogs.org\/files\/2020\/09\/ippnw.png\" alt=\"\" width=\"93\" height=\"43\" \/> \u00a0 \u00a0 \u00a0 \u00a0 <img loading=\"lazy\" decoding=\"async\" class=\"alignnone wp-image-1057\" src=\"https:\/\/equalhealth4all.noblogs.org\/files\/2020\/09\/web_lez.png\" alt=\"\" width=\"134\" height=\"30\" srcset=\"https:\/\/equalhealth4all.noblogs.org\/files\/2020\/09\/web_lez.png 2000w, https:\/\/equalhealth4all.noblogs.org\/files\/2020\/09\/web_lez-300x67.png 300w, https:\/\/equalhealth4all.noblogs.org\/files\/2020\/09\/web_lez-1024x229.png 1024w, https:\/\/equalhealth4all.noblogs.org\/files\/2020\/09\/web_lez-768x172.png 768w, https:\/\/equalhealth4all.noblogs.org\/files\/2020\/09\/web_lez-1536x344.png 1536w\" sizes=\"auto, (max-width: 134px) 100vw, 134px\" \/> \u00a0\u00a0 \u00a0\u00a0 <img loading=\"lazy\" decoding=\"async\" class=\"alignnone wp-image-1100\" src=\"https:\/\/equalhealth4all.noblogs.org\/files\/2020\/09\/GLS_DIS_RGB_300dpi-scaled.jpg\" alt=\"\" width=\"94\" height=\"79\" srcset=\"https:\/\/equalhealth4all.noblogs.org\/files\/2020\/09\/GLS_DIS_RGB_300dpi-scaled.jpg 2560w, https:\/\/equalhealth4all.noblogs.org\/files\/2020\/09\/GLS_DIS_RGB_300dpi-300x250.jpg 300w, https:\/\/equalhealth4all.noblogs.org\/files\/2020\/09\/GLS_DIS_RGB_300dpi-1024x853.jpg 1024w, https:\/\/equalhealth4all.noblogs.org\/files\/2020\/09\/GLS_DIS_RGB_300dpi-768x640.jpg 768w, https:\/\/equalhealth4all.noblogs.org\/files\/2020\/09\/GLS_DIS_RGB_300dpi-1536x1280.jpg 1536w, https:\/\/equalhealth4all.noblogs.org\/files\/2020\/09\/GLS_DIS_RGB_300dpi-2048x1707.jpg 2048w\" sizes=\"auto, (max-width: 94px) 100vw, 94px\" \/>\u00a0 <img loading=\"lazy\" decoding=\"async\" class=\"alignnone wp-image-1056\" src=\"https:\/\/equalhealth4all.noblogs.org\/files\/2020\/09\/stiftungslogo1.png\" alt=\"\" width=\"94\" height=\"46\" srcset=\"https:\/\/equalhealth4all.noblogs.org\/files\/2020\/09\/stiftungslogo1.png 555w, https:\/\/equalhealth4all.noblogs.org\/files\/2020\/09\/stiftungslogo1-300x147.png 300w\" sizes=\"auto, (max-width: 94px) 100vw, 94px\" \/> \u00a0\u00a0 <img loading=\"lazy\" decoding=\"async\" class=\"alignnone wp-image-1058\" src=\"https:\/\/equalhealth4all.noblogs.org\/files\/2020\/09\/logo-medico.png\" alt=\"\" width=\"66\" height=\"32\" \/><\/p>\n<p>Ihr wollt euch am B\u00fcndnis beteiligen?<br \/>\nSchreibt uns per Mail an: <a href=\"mailto:ppt_berlin@riseup.net\" target=\"_blank\" rel=\"noopener noreferrer\">ppt_berlin[at]<span class=\"\">riseup.net<\/span><\/a><\/p>\n","protected":false},"excerpt":{"rendered":"<p>Initiator*innen der 45. Sitzung des st\u00e4ndigen Zivilgerichts, dem Menschenrechtstribunal gegen die Verletzung der Rechte von Migrant*innen und Gefl\u00fcchteten Transnational Migrant Platform &#8211; Europe Co-Initiator*innen der Berliner Anh\u00f6rung der 45. Sitzung des st\u00e4ndigen Zivilgerichts: \u00c4rzte der Welt BAfF, Bundesweite Arbeitsgemeinschaft der &hellip; <a href=\"https:\/\/equalhealth4all.noblogs.org\/de\/alliance\/\">Weiterlesen <span class=\"meta-nav\">&rarr;<\/span><\/a><\/p>\n","protected":false},"author":15197,"featured_media":0,"parent":0,"menu_order":0,"comment_status":"closed","ping_status":"closed","template":"","meta":{"_locale":"de_DE","_original_post":"85","footnotes":""},"class_list":["post-339","page","type-page","status-publish","hentry","de-DE"],"_links":{"self":[{"href":"https:\/\/equalhealth4all.noblogs.org\/wp-json\/wp\/v2\/pages\/339","targetHints":{"allow":["GET"]}}],"collection":[{"href":"https:\/\/equalhealth4all.noblogs.org\/wp-json\/wp\/v2\/pages"}],"about":[{"href":"https:\/\/equalhealth4all.noblogs.org\/wp-json\/wp\/v2\/types\/page"}],"author":[{"embeddable":true,"href":"https:\/\/equalhealth4all.noblogs.org\/wp-json\/wp\/v2\/users\/15197"}],"replies":[{"embeddable":true,"href":"https:\/\/equalhealth4all.noblogs.org\/wp-json\/wp\/v2\/comments?post=339"}],"version-history":[{"count":34,"href":"https:\/\/equalhealth4all.noblogs.org\/wp-json\/wp\/v2\/pages\/339\/revisions"}],"predecessor-version":[{"id":1832,"href":"https:\/\/equalhealth4all.noblogs.org\/wp-json\/wp\/v2\/pages\/339\/revisions\/1832"}],"wp:attachment":[{"href":"https:\/\/equalhealth4all.noblogs.org\/wp-json\/wp\/v2\/media?parent=339"}],"curies":[{"name":"wp","href":"https:\/\/api.w.org\/{rel}","templated":true}]}}