{"id":351,"date":"2020-07-26T17:43:53","date_gmt":"2020-07-26T15:43:53","guid":{"rendered":"https:\/\/equalhealth4all.noblogs.org\/?page_id=351"},"modified":"2020-09-15T12:18:28","modified_gmt":"2020-09-15T10:18:28","slug":"unterstutzen-support","status":"publish","type":"page","link":"https:\/\/equalhealth4all.noblogs.org\/de\/unterstutzen-support\/","title":{"rendered":"Mitmachen"},"content":{"rendered":"<h3><strong>Es gibt verschiedene Wege, wie Du die Berliner Anh\u00f6rung unterst\u00fctzen kannst:<\/strong><\/h3>\n<ul>\n<li>Unterzeichne unseren Aufruf, um unser Tribunal ideell zu unterst\u00fctzen<\/li>\n<li>Melde dich als Zeug*in einer selbst erfahrenen Menschenrechtsverletzung im Bereich Gesundheit<\/li>\n<li>Unterst\u00fctze die Sammlung von Zeug*innenaussagen<\/li>\n<li>Werde Teil unseres B\u00fcndnisses<\/li>\n<li>Unterst\u00fctze uns die Berliner Anh\u00f6rung des Menschenrechtstribunals bekannter zu machen (teile unsere Social Media Beitr\u00e4ge, berichte \u00fcber uns auf deinem Blog\/in deiner Zeitung, rede \u00fcber das Tribunal und die Anklagepunkte in deinem Umfeld etc.)<\/li>\n<li>Spende (Information siehe unten)<br \/>\n&#8230;<\/li>\n<\/ul>\n<p>Hast du Fragen? Melde dich unter: <a class=\"moz-txt-link-abbreviated\" href=\"mailto:ppt_berlin@riseup.net\" target=\"_blank\" rel=\"noopener noreferrer\">ppt_berlin<span class=\"\">[at]<\/span>riseup.net<\/a><\/p>\n<hr \/>\n<h2>Finanziell unterst\u00fctzen:<\/h2>\n<p>Spenden z.B. \u00fcber <a href=\"https:\/\/t.co\/zOoxQOTOVF?amp=1\" target=\"_blank\" rel=\"noopener noreferrer\">betterplace\u00a0 <\/a>oder<br \/>\n<em>IPPNW e.V.<\/em><br \/>\n<em>Bank fuer Sozialwirtschaft<\/em><br \/>\n<em>IBAN: DE39 1002 0500 0002 2222 10<\/em><br \/>\n<em>BIC: BFSW DE33BER<\/em><br \/>\n<em>Zweck: Human Rights Tribunal<\/em><\/p>\n<p><img loading=\"lazy\" decoding=\"async\" class=\"alignnone size-medium wp-image-29\" src=\"https:\/\/equalhealth4all.noblogs.org\/files\/2020\/04\/Tribunal_Facebook_Titel-300x114.jpg\" alt=\"\" width=\"300\" height=\"114\" srcset=\"https:\/\/equalhealth4all.noblogs.org\/files\/2020\/04\/Tribunal_Facebook_Titel-300x114.jpg 300w, https:\/\/equalhealth4all.noblogs.org\/files\/2020\/04\/Tribunal_Facebook_Titel-1024x390.jpg 1024w, https:\/\/equalhealth4all.noblogs.org\/files\/2020\/04\/Tribunal_Facebook_Titel-768x292.jpg 768w, https:\/\/equalhealth4all.noblogs.org\/files\/2020\/04\/Tribunal_Facebook_Titel-1536x585.jpg 1536w, https:\/\/equalhealth4all.noblogs.org\/files\/2020\/04\/Tribunal_Facebook_Titel-2048x779.jpg 2048w, https:\/\/equalhealth4all.noblogs.org\/files\/2020\/04\/Tribunal_Facebook_Titel-500x190.jpg 500w\" sizes=\"auto, (max-width: 300px) 100vw, 300px\" \/><\/p>\n","protected":false},"excerpt":{"rendered":"<p>Es gibt verschiedene Wege, wie Du die Berliner Anh\u00f6rung unterst\u00fctzen kannst: Unterzeichne unseren Aufruf, um unser Tribunal ideell zu unterst\u00fctzen Melde dich als Zeug*in einer selbst erfahrenen Menschenrechtsverletzung im Bereich Gesundheit Unterst\u00fctze die Sammlung von Zeug*innenaussagen Werde Teil unseres B\u00fcndnisses &hellip; <a href=\"https:\/\/equalhealth4all.noblogs.org\/de\/unterstutzen-support\/\">Weiterlesen <span class=\"meta-nav\">&rarr;<\/span><\/a><\/p>\n","protected":false},"author":15197,"featured_media":94,"parent":0,"menu_order":3,"comment_status":"closed","ping_status":"closed","template":"","meta":{"_locale":"de_DE","_original_post":"13","footnotes":""},"class_list":["post-351","page","type-page","status-publish","has-post-thumbnail","hentry","de-DE"],"_links":{"self":[{"href":"https:\/\/equalhealth4all.noblogs.org\/wp-json\/wp\/v2\/pages\/351","targetHints":{"allow":["GET"]}}],"collection":[{"href":"https:\/\/equalhealth4all.noblogs.org\/wp-json\/wp\/v2\/pages"}],"about":[{"href":"https:\/\/equalhealth4all.noblogs.org\/wp-json\/wp\/v2\/types\/page"}],"author":[{"embeddable":true,"href":"https:\/\/equalhealth4all.noblogs.org\/wp-json\/wp\/v2\/users\/15197"}],"replies":[{"embeddable":true,"href":"https:\/\/equalhealth4all.noblogs.org\/wp-json\/wp\/v2\/comments?post=351"}],"version-history":[{"count":6,"href":"https:\/\/equalhealth4all.noblogs.org\/wp-json\/wp\/v2\/pages\/351\/revisions"}],"predecessor-version":[{"id":888,"href":"https:\/\/equalhealth4all.noblogs.org\/wp-json\/wp\/v2\/pages\/351\/revisions\/888"}],"wp:featuredmedia":[{"embeddable":true,"href":"https:\/\/equalhealth4all.noblogs.org\/wp-json\/wp\/v2\/media\/94"}],"wp:attachment":[{"href":"https:\/\/equalhealth4all.noblogs.org\/wp-json\/wp\/v2\/media?parent=351"}],"curies":[{"name":"wp","href":"https:\/\/api.w.org\/{rel}","templated":true}]}}