{"id":689,"date":"2020-09-02T15:20:10","date_gmt":"2020-09-02T13:20:10","guid":{"rendered":"http:\/\/equalhealth4all.noblogs.org\/?page_id=689"},"modified":"2020-11-23T14:09:16","modified_gmt":"2020-11-23T13:09:16","slug":"faq","status":"publish","type":"page","link":"https:\/\/equalhealth4all.noblogs.org\/de\/faq\/","title":{"rendered":"FAQ"},"content":{"rendered":"<h2><strong>Was ist das &#8218;Permanent Peoples&#8216; Tribunal&#8216; (PPT)?<\/strong><\/h2>\n<p align=\"justify\">Das Permanent Peoples&#8216; Tribunal (PPT), auch bekannt als Menschenrechtstribunal, ist eine zivilgesellschaftliche Institution, die 1979 in Bologna gegr\u00fcndet wurde. Es ist eine direkte Fortsetzung der Russell-Tribunale zu Vietnam (1966-67) und Lateinamerika (1973-76). Die Russel-Tribunale, auch als<strong> Internationales Kriegsverbrechertribunale<\/strong>, <strong>Russell-Sartre-Tribunale<\/strong> oder <strong>Stockholmer Tribunale<\/strong> bekannt ist, begann mit der Untersuchung und Bewertung der Au\u00dfenpolitik und der milit\u00e4rischen Intervention der Vereinigten Staaten.<\/p>\n<p align=\"justify\"><strong>Lelio Basso<\/strong>, Mitglied und Sprecher des ersten Tribunals, schlug vor, diese gefeierten Tribunale in eine st\u00e4ndige Einrichtung umzuwandeln und zu einem Instrument und einer Plattform werden zu lassen.<\/p>\n<div id=\"attachment_1092\" style=\"width: 1034px\" class=\"wp-caption alignnone\"><img loading=\"lazy\" decoding=\"async\" aria-describedby=\"caption-attachment-1092\" class=\"wp-image-1092 size-full\" src=\"https:\/\/equalhealth4all.noblogs.org\/files\/2020\/09\/Ziel-PPt_dt.png\" alt=\"\" width=\"1024\" height=\"512\" srcset=\"https:\/\/equalhealth4all.noblogs.org\/files\/2020\/09\/Ziel-PPt_dt.png 1024w, https:\/\/equalhealth4all.noblogs.org\/files\/2020\/09\/Ziel-PPt_dt-300x150.png 300w, https:\/\/equalhealth4all.noblogs.org\/files\/2020\/09\/Ziel-PPt_dt-768x384.png 768w\" sizes=\"auto, (max-width: 1024px) 100vw, 1024px\" \/><p id=\"caption-attachment-1092\" class=\"wp-caption-text\">Das Ziel des Tribunals ist es Bev\u00f6lkerungsgruppen, die unter Verletzungen ihrer grundlegenden Menschenrechte leiden, Anerkennung, Sichtbarkeit und eine Stimme zu verleihen. Aus dieser Idee wurde die Einrichtung des Permanent Peoples Tribunal.<\/p><\/div>\n<p align=\"justify\">Seit seiner Gr\u00fcndung haben <strong>\u00fcber 40\u00a0 Sitzungen und Urteile<\/strong> in der ganzen Welt stattgefunden. Diese Entwicklung war nur dank des internationalen Netzwerks des Tribunals m\u00f6glich, das sich aus Expert<span style=\"color: #000000\">*innen<\/span>, sozialen Akteur*innen, Aktivist*innen und Wissenschaftler*innen aus mehreren L\u00e4ndern Europas, S\u00fcdamerikas, Asiens und Afrikas zusammensetzt.<\/p>\n<p align=\"justify\">In seinen <a href=\"http:\/\/permanentpeoplestribunal.org\/wp-content\/uploads\/2015\/01\/LIST-SESSION-EN_maggio2019.pdf\" target=\"_blank\" rel=\"noopener noreferrer\">Sitzungen<\/a> und Urteilen hat das Tribunal die Transformationen und K\u00e4mpfe der postkolonialen Zeit, die Entwicklung des wirtschaftlichen Neokolonialismus, die Globalisierung, das Wiederaufleben des Krieges thematisiert und begleitet.<\/p>\n<h2><strong>Was ist die 45. Sitzung des PPT? <\/strong><\/h2>\n<p align=\"justify\">Im Mittelpunkt der 45. Sitzung des PPT steht die Verletzung der Menschenrechte von <strong>Migrant<\/strong><strong><span style=\"color: #000000\">*innen<\/span><\/strong><strong> und Gefl\u00fcchteten<\/strong>. Sechs Anh\u00f6rungen der Sitzung haben bereits in Barcelona (2017, 2018), Palermo (2017), Paris (2018), London (2018) und Br\u00fcssel (2019) stattgefunden.<\/p>\n<div id=\"attachment_1035\" style=\"width: 650px\" class=\"wp-caption alignnone\"><img loading=\"lazy\" decoding=\"async\" aria-describedby=\"caption-attachment-1035\" class=\"wp-image-1035\" src=\"https:\/\/equalhealth4all.noblogs.org\/files\/2020\/09\/Was-ist-PPT_5_dt_Twitter.png\" alt=\"Mit der Berliner Anh\u00f6rung der 45. Sitzung wollen wir das Bewusstsein f\u00fcr ungestraft begangene Menschenrechtsverletzungen im Bereich Gesundheit in Deutschland und im Kontext des europ\u00e4ischen Grenzregimes im Bereich Gesundheit sch\u00e4rfen. Dabei stehen Migrant*innen und Gefl\u00fcchtete als soziale Akteure im Zentrum der Anh\u00f6rung; als Zeug*innen und im Rahmen von Selbstorganisationen setzen sie sich f\u00fcr die Ver\u00e4nderung der Verh\u00e4ltnisse auf der politischen Ebene ein.\" width=\"640\" height=\"320\" srcset=\"https:\/\/equalhealth4all.noblogs.org\/files\/2020\/09\/Was-ist-PPT_5_dt_Twitter.png 1024w, https:\/\/equalhealth4all.noblogs.org\/files\/2020\/09\/Was-ist-PPT_5_dt_Twitter-300x150.png 300w, https:\/\/equalhealth4all.noblogs.org\/files\/2020\/09\/Was-ist-PPT_5_dt_Twitter-768x384.png 768w\" sizes=\"auto, (max-width: 640px) 100vw, 640px\" \/><p id=\"caption-attachment-1035\" class=\"wp-caption-text\">Mit der Berliner Anh\u00f6rung der 45. Sitzung wollen wir das Bewusstsein f\u00fcr ungestraft begangene Menschenrechtsverletzungen im Bereich Gesundheit in Deutschland und im Kontext des europ\u00e4ischen Grenzregimes sch\u00e4rfen. Dabei stehen Migrant*innen und Gefl\u00fcchtete als soziale Akteure im Zentrum der Anh\u00f6rung; als Zeug*innen und im Rahmen von Selbstorganisationen setzen sie sich f\u00fcr die Ver\u00e4nderung der Verh\u00e4ltnisse auf der politischen Ebene ein<\/p><\/div>\n<h2><strong>Warum brauchen wir ein solches Tribunal in Deutschland?<\/strong><\/h2>\n<p align=\"justify\">Seit 2016 hat sich das innenpolitische Klima in Deutschland gegen\u00fcber Gefl\u00fcchtet<span style=\"color: #000000\">en<\/span> massiv verschlechtert. <strong>Asylgesuche werden immer rigoroser abgelehnt<\/strong>. Dabei kommt es vermehrt zu Abschiebungen von kranken, traumatisierten und schwangeren Personen. Oftmals ist es schwer bis unm\u00f6glich, Menschenrechte von Gefl\u00fcchteten mit Hilfe deutscher und europ\u00e4ischer Gerichte durchzusetzen. Gleichzeitig erleben wir derzeit eine <strong>Verschiebung des gesellschaftlichen Diskurses nach rechts<\/strong>, sowie einen Angriff auf rechtsstaatliche Prinzipien und demokratische Werte. Dies \u00e4u\u00dfert sich zum Teil in einer <strong>zunehmend repressiven Politik<\/strong>, welche sich nicht nur gegen Gefl\u00fcchtete richtet, sondern verst\u00e4rkt auch die Unterst\u00fctzungssysteme <span style=\"color: #000000\">und solidarische Strukturen <\/span>bedroht.<\/p>\n<p align=\"justify\">W\u00e4hrend der Corona-Krise hat sich diese Situation weiter zugespitzt: Die Angst und das Risiko durch eine m\u00f6gliche Erkrankung an<strong> Covid-19<\/strong> hat ohne Krankenversicherung oder g\u00fcltige Aufenthaltspapiere weitreichende Auswirkungen.<\/p>\n<div id=\"attachment_1093\" style=\"width: 1034px\" class=\"wp-caption alignnone\"><img loading=\"lazy\" decoding=\"async\" aria-describedby=\"caption-attachment-1093\" class=\"wp-image-1093 size-full\" src=\"https:\/\/equalhealth4all.noblogs.org\/files\/2020\/09\/Warum-Tribunal-Deutschland.png\" alt=\"\" width=\"1024\" height=\"512\" srcset=\"https:\/\/equalhealth4all.noblogs.org\/files\/2020\/09\/Warum-Tribunal-Deutschland.png 1024w, https:\/\/equalhealth4all.noblogs.org\/files\/2020\/09\/Warum-Tribunal-Deutschland-300x150.png 300w, https:\/\/equalhealth4all.noblogs.org\/files\/2020\/09\/Warum-Tribunal-Deutschland-768x384.png 768w\" sizes=\"auto, (max-width: 1024px) 100vw, 1024px\" \/><p id=\"caption-attachment-1093\" class=\"wp-caption-text\">Das Ansteckungsrisiko ist in Massenunterk\u00fcnften um ein Vielfaches h\u00f6her als in privaten Wohnungen. Abschiebungen, auch vulnerabler Personengruppen, erfolgen in L\u00e4nder deren Gesundheitssysteme und \u00d6konomien schon vor der Krise kaum ausgebaut waren und nun weitgehend kollabiert sind.<\/p><\/div>\n<h2><strong>Wie kann ich mitmachen? <\/strong><\/h2>\n<ul>\n<li>Teile unsere <a href=\"https:\/\/www.facebook.com\/events\/350339615958871\/\" target=\"_blank\" rel=\"noopener noreferrer\">Veranstaltung<\/a> und erz\u00e4hle deinen Freund*innen\/Bekannten davon<\/li>\n<li>Zeichne unseren <a href=\"https:\/\/equalhealth4all.noblogs.org\/files\/2020\/08\/AufrufzumMitunterzeichnen.PPT_.pdf\" target=\"_blank\" rel=\"noopener noreferrer\">Aufruf<\/a> mit<\/li>\n<li>Wenn du aktivistisch und\/oder in einem <span style=\"color: #000000\">Kollektiv oder<\/span> einer Organisation aktiv bist, melde dich bei uns und werde Teil des Tribunal-Netzwerks<\/li>\n<li>Falls du selber Ungerechtigkeiten im Kontext von Flucht, Migration und Gesundheit erfahren hast kontaktiere uns und reiche eine <a href=\"https:\/\/equalhealth4all.noblogs.org\/de\/testimonies\/\" target=\"_blank\" rel=\"noopener noreferrer\">Zeugenaussage<\/a> ein<\/li>\n<li>Falls du jemanden kennst der Ungerechtigkeiten im Kontext von Flucht, Migration und Gesundheit erfahren hat, frag nach ob sie*er ihre*seine Erfahrungen teilen m\u00f6chte<\/li>\n<\/ul>\n<p><span style=\"color: #ff0000\"><em><span style=\"color: #000000\">Allgemein gilt: <strong>Informiere und Politisiere!<\/strong><\/span><br \/>\n<\/em><\/span><\/p>\n<p>&nbsp;<\/p>\n<p>Erfahre mehr \u00fcber das Permanent Peoples\u2018 Tribunal und das Recht auf Gesundheit in den Episoden unseres Podcasts \u201e<a href=\"https:\/\/open.spotify.com\/show\/0xxu5dEIIjr0IUc9qCLIPb\" target=\"_blank\" rel=\"noopener noreferrer\">Health is a Human Right<\/a>\u201c<\/p>\n<p><img loading=\"lazy\" decoding=\"async\" class=\"alignnone size-full wp-image-1135\" src=\"https:\/\/equalhealth4all.noblogs.org\/files\/2020\/10\/Blogbanner-Podcast.png\" alt=\"\" width=\"2240\" height=\"1260\" srcset=\"https:\/\/equalhealth4all.noblogs.org\/files\/2020\/10\/Blogbanner-Podcast.png 2240w, https:\/\/equalhealth4all.noblogs.org\/files\/2020\/10\/Blogbanner-Podcast-300x169.png 300w, https:\/\/equalhealth4all.noblogs.org\/files\/2020\/10\/Blogbanner-Podcast-1024x576.png 1024w, https:\/\/equalhealth4all.noblogs.org\/files\/2020\/10\/Blogbanner-Podcast-768x432.png 768w, https:\/\/equalhealth4all.noblogs.org\/files\/2020\/10\/Blogbanner-Podcast-1536x864.png 1536w, https:\/\/equalhealth4all.noblogs.org\/files\/2020\/10\/Blogbanner-Podcast-2048x1152.png 2048w\" sizes=\"auto, (max-width: 2240px) 100vw, 2240px\" \/><\/p>\n<p><u>Episode 1<\/u>: &#8222;Why health is a human right and how it is violated on a systematic basis&#8220; &#8211; mit <a href=\"https:\/\/www.tni.org\/en\" target=\"_blank\" rel=\"noopener noreferrer\">Transnational Institue<\/a><\/p>\n<audio class=\"wp-audio-shortcode\" id=\"audio-689-1\" preload=\"none\" style=\"width: 100%;\" controls=\"controls\"><source type=\"audio\/mpeg\" src=\"https:\/\/equalhealth4all.noblogs.org\/files\/2020\/10\/episode1_low.mp3?_=1\" \/><a href=\"https:\/\/equalhealth4all.noblogs.org\/files\/2020\/10\/episode1_low.mp3\">https:\/\/equalhealth4all.noblogs.org\/files\/2020\/10\/episode1_low.mp3<\/a><\/audio>\n<p>&nbsp;<\/p>\n<p><u>Episo<\/u><u>de 2<\/u>: &#8222;F\u00fcr das Recht auf Gesundheitsversorgung aller Migrant*innen!&#8220; &#8211; mit <a href=\"https:\/\/medibuero.de\/\" target=\"_blank\" rel=\"noopener noreferrer\">Medib\u00fcro Berlin<\/a><\/p>\n<audio class=\"wp-audio-shortcode\" id=\"audio-689-2\" preload=\"none\" style=\"width: 100%;\" controls=\"controls\"><source type=\"audio\/mpeg\" src=\"https:\/\/equalhealth4all.noblogs.org\/files\/2020\/10\/episode-2.mp3?_=2\" \/><a href=\"https:\/\/equalhealth4all.noblogs.org\/files\/2020\/10\/episode-2.mp3\">https:\/\/equalhealth4all.noblogs.org\/files\/2020\/10\/episode-2.mp3<\/a><\/audio>\n<p>&nbsp;<\/p>\n<p><u>Episode 3<\/u>: &#8222;The Simplicity of Complicity \u2013 About Smuggling, Human Trafficking and EU Border Politics&#8220; &#8211; mit <a href=\"https:\/\/www.love146.org.uk\/\" target=\"_blank\" rel=\"noopener noreferrer\">Love146<\/a><\/p>\n<audio class=\"wp-audio-shortcode\" id=\"audio-689-3\" preload=\"none\" style=\"width: 100%;\" controls=\"controls\"><source type=\"audio\/mpeg\" src=\"https:\/\/equalhealth4all.noblogs.org\/files\/2020\/10\/episode3_mixed.mp3?_=3\" \/><a href=\"https:\/\/equalhealth4all.noblogs.org\/files\/2020\/10\/episode3_mixed.mp3\">https:\/\/equalhealth4all.noblogs.org\/files\/2020\/10\/episode3_mixed.mp3<\/a><\/audio>\n<p>&nbsp;<\/p>\n<p><span lang=\"de-DE\"><u>Episode 4:<\/u><\/span> &#8222;<span lang=\"de-DE\">Warum das EU-Grenzregime krank macht &amp; wie Migration und Solidarit\u00e4t kriminalisiert werden&#8220; &#8211; mit <a href=\"https:\/\/www.borderline-europe.de\/\" target=\"_blank\" rel=\"noopener noreferrer\">borderline-europe e.V.<\/a><\/span><\/p>\n<audio class=\"wp-audio-shortcode\" id=\"audio-689-4\" preload=\"none\" style=\"width: 100%;\" controls=\"controls\"><source type=\"audio\/mpeg\" src=\"https:\/\/equalhealth4all.noblogs.org\/files\/2020\/11\/borderlineeurope_mixed.mp3?_=4\" \/><a href=\"https:\/\/equalhealth4all.noblogs.org\/files\/2020\/11\/borderlineeurope_mixed.mp3\">https:\/\/equalhealth4all.noblogs.org\/files\/2020\/11\/borderlineeurope_mixed.mp3<\/a><\/audio>\n<p>&nbsp;<\/p>\n<p>Dieser Podcast wurde mit der Unterst\u00fctzung von Radioconnection Berlin produziert: <a href=\"https:\/\/www.radioconnection-berlin.de\/?fbclid=IwAR176etV5j6lMSmSlDmx-0nQy5e38nsyMcbIlHdfD6P_gURWrcTETmSzDv8\" target=\"_blank\" rel=\"noopener nofollow noreferrer\" data-ft=\"{&quot;tn&quot;:&quot;-U&quot;}\" data-lynx-mode=\"async\" data-lynx-uri=\"https:\/\/l.facebook.com\/l.php?u=https%3A%2F%2Fwww.radioconnection-berlin.de%2F%3Ffbclid%3DIwAR176etV5j6lMSmSlDmx-0nQy5e38nsyMcbIlHdfD6P_gURWrcTETmSzDv8&amp;h=AT3OH7yybQPP0P3-r0XT1_mQsa7RjTTBq30Dq7cHNEO1KTIhdEVUrB5-15KtmVCEGFhIDTAqYqkR-I87mDvywKdV38_LmcS_UcOJULBSDWx8xbdduA-8GASqw8Z3K4dGmLMDYhzPmMbxeYiHVGWcFig7WVfv6njYc1t0nubr2UeJx0i31AZ8PobQyd9YDccb_xX0WefoHpcIkkdS-ttM09IpdQu-PBFiL08qBRoqxXpZ1uRojMFuj09eCv9bz6ofrSz_mtSmnmaIWFX8PLE3OIlqMn4bP-ELUKBk-yKaYawHgiKklRSa2hbmp3qqTVryWxK68InHqrZL64KGGZHIAfEfelgCFOdcjW8mcHnCJtl_-ZZwu6plJrnyYcMaH7v65BzjsbXIkIe5Ey8sD5miWUbFctJMiaUpYHnTetALYY7wUnqfdFOhQ7kxxZHdn13ZcC9Yc9wabYJM4Wy3kOgy2EBDAZ7pZvjArSoemkTRZHpDSKYhnH73mm9f2Pf8gFzvqI3aWuhYzMfBBvIAv-Pj3yTsVNotUvzXVEv0-zbemYs5rALWhC0J6UWFJSnhiguIfPvbTMHuVHIlw79ELwjR_HYjaDMQgbCzNxKgM45oSxRn7VyIezZKR28jk0nXlFIgf8Ip\">https:\/\/www.radioconnection-berlin.de\/<\/a><\/p>\n<p>H\u00f6r dir unseren Podcast auf Spotify an: <a href=\"https:\/\/open.spotify.com\/show\/0xxu5dEIIjr0IUc9qCLIPb?si=52gUVygUSVS5UzSWHQvKew\" target=\"_blank\" rel=\"noopener noreferrer\">https:\/\/open.spotify.com\/show\/0xxu5dEIIjr0IUc9qCLIPb?si=52gUVygUSVS5UzSWHQvKew<\/a><\/p>\n","protected":false},"excerpt":{"rendered":"<p>Was ist das &#8218;Permanent Peoples&#8216; Tribunal&#8216; (PPT)? Das Permanent Peoples&#8216; Tribunal (PPT), auch bekannt als Menschenrechtstribunal, ist eine zivilgesellschaftliche Institution, die 1979 in Bologna gegr\u00fcndet wurde. Es ist eine direkte Fortsetzung der Russell-Tribunale zu Vietnam (1966-67) und Lateinamerika (1973-76). Die &hellip; <a href=\"https:\/\/equalhealth4all.noblogs.org\/de\/faq\/\">Weiterlesen <span class=\"meta-nav\">&rarr;<\/span><\/a><\/p>\n","protected":false},"author":15197,"featured_media":0,"parent":0,"menu_order":0,"comment_status":"closed","ping_status":"closed","template":"","meta":{"_locale":"de_DE","_original_post":"http:\/\/equalhealth4all.noblogs.org\/?page_id=689","footnotes":""},"class_list":["post-689","page","type-page","status-publish","hentry","de-DE"],"_links":{"self":[{"href":"https:\/\/equalhealth4all.noblogs.org\/wp-json\/wp\/v2\/pages\/689","targetHints":{"allow":["GET"]}}],"collection":[{"href":"https:\/\/equalhealth4all.noblogs.org\/wp-json\/wp\/v2\/pages"}],"about":[{"href":"https:\/\/equalhealth4all.noblogs.org\/wp-json\/wp\/v2\/types\/page"}],"author":[{"embeddable":true,"href":"https:\/\/equalhealth4all.noblogs.org\/wp-json\/wp\/v2\/users\/15197"}],"replies":[{"embeddable":true,"href":"https:\/\/equalhealth4all.noblogs.org\/wp-json\/wp\/v2\/comments?post=689"}],"version-history":[{"count":47,"href":"https:\/\/equalhealth4all.noblogs.org\/wp-json\/wp\/v2\/pages\/689\/revisions"}],"predecessor-version":[{"id":2042,"href":"https:\/\/equalhealth4all.noblogs.org\/wp-json\/wp\/v2\/pages\/689\/revisions\/2042"}],"wp:attachment":[{"href":"https:\/\/equalhealth4all.noblogs.org\/wp-json\/wp\/v2\/media?parent=689"}],"curies":[{"name":"wp","href":"https:\/\/api.w.org\/{rel}","templated":true}]}}